{"id":1177,"date":"2019-04-20T16:00:11","date_gmt":"2019-04-20T14:00:11","guid":{"rendered":"https:\/\/revesetjardins.fr\/nos-services\/coaching-conseil\/"},"modified":"2020-06-17T15:51:19","modified_gmt":"2020-06-17T13:51:19","slug":"coaching-conseil","status":"publish","type":"page","link":"https:\/\/revesetjardins.fr\/en\/nos-services\/coaching-conseil\/","title":{"rendered":"Coaching \/ advice"},"content":{"rendered":"<div class=\"wpb-content-wrapper\"><p>[vc_row css_animation=&#8221;&#8221; row_type=&#8221;row&#8221; use_row_as_full_screen_section=&#8221;no&#8221; type=&#8221;grid&#8221; angled_section=&#8221;no&#8221; text_align=&#8221;left&#8221; background_image_as_pattern=&#8221;without_pattern&#8221; z_index=&#8221;&#8221; css=&#8221;.vc_custom_1555755066442{padding-top: 44px !important;}&#8221; el_class=&#8221;contenu_page_secondaire&#8221;][vc_column offset=&#8221;vc_col-lg-6 vc_col-md-6&#8243; el_class=&#8221;bloc_left_image&#8221;][vc_single_image image=&#8221;473&#8243; img_size=&#8221;full&#8221; alignment=&#8221;right&#8221; onclick=&#8221;link_image&#8221; qode_css_animation=&#8221;&#8221; qode_hover_animation=&#8221;zoom_in&#8221;][vc_single_image image=&#8221;637&#8243; img_size=&#8221;full&#8221; onclick=&#8221;link_image&#8221; qode_css_animation=&#8221;&#8221; qode_hover_animation=&#8221;zoom_in&#8221; el_class=&#8221;picture_service_left&#8221;][vc_single_image image=&#8221;474&#8243; img_size=&#8221;full&#8221; alignment=&#8221;right&#8221; onclick=&#8221;link_image&#8221; qode_css_animation=&#8221;&#8221; qode_hover_animation=&#8221;zoom_in&#8221; el_class=&#8221;picture_service_right&#8221;][\/vc_column][vc_column offset=&#8221;vc_col-lg-6 vc_col-md-6&#8243; el_class=&#8221;bloc_right_txt&#8221;][qode_elements_holder number_of_columns=&#8221;one_column&#8221;][qode_elements_holder_item advanced_animations=&#8221;no&#8221; item_padding=&#8221;0&#8243; item_padding_1024_1280=&#8221;15px 0 0 0&#8243;][vc_column_text el_class=&#8221;title_border_bottom&#8221;]<\/p>\n<h2><b>Coaching &amp; advice<\/b><\/h2>\n<p>[\/vc_column_text][\/qode_elements_holder_item][\/qode_elements_holder][vc_empty_space height=&#8221;11px&#8221;][qode_elements_holder number_of_columns=&#8221;one_column&#8221;][qode_elements_holder_item advanced_animations=&#8221;no&#8221; item_padding=&#8221;20px 10% 0 0&#8243; item_padding_1024_1280=&#8221;0 0px 0 0&#8243; item_padding_768_1024=&#8221;0 0px 0 0&#8243; item_padding_480=&#8221;0 0px 0 0&#8243; item_padding_600_768=&#8221;0 0px 0 0&#8243; item_padding_480_600=&#8221;0 0px 0 0&#8243; item_padding_1280_1440=&#8221;0 0px 0 0&#8243;][vc_column_text]<\/p>\n<p class=\"p1\"><span class=\"s1\">Your house features an outdoor space, a garden, a terrace or even a patio. <\/span><\/p>\n<p class=\"p1\"><span class=\"s1\">You would like to create a new flower bed, an aromatic box, a green wall or even a permaculture garden. <\/span><\/p>\n<p class=\"p1\"><span class=\"s1\">You don\u2019t know where to start\u2026 you\u2019re a little frightened to get started, you lack time to manage everything\u2026<\/span><\/p>\n<p><strong> R\u00e9Ves &amp; Jardins can assist you in all your projects. <\/strong><\/p>\n<p class=\"p1\"><span class=\"s1\">We can offer you a customised support that will meet your needs:<\/span><\/p>\n<ul>\n<li class=\"li1\"><span class=\"s2\">Personnalised workshop(s) at your residence<\/span><\/li>\n<li class=\"li1\"><span class=\"s2\">Workshop(s) in small groups on a specific theme<\/span><\/li>\n<li class=\"li1\"><span class=\"s2\">Coaching throughout your project.<\/span><\/li>\n<\/ul>\n<p class=\"p1\"><span class=\"s1\">We will stand by your side to give you advice on good practice in gardening, on the advantages of permaculture, on growing vegetables with the moon\u2026<\/span><\/p>\n<p class=\"p1\"><span class=\"s1\">We can advise you, show you the right things to do so that you will enjoy taking care of your garden in all serenity.<\/span><\/p>\n<p>[\/vc_column_text][vc_empty_space height=&#8221;43px&#8221;][\/qode_elements_holder_item][\/qode_elements_holder][vc_empty_space height=&#8221;60px&#8221; el_class=&#8221;separateur_bottom&#8221;][\/vc_column][\/vc_row][vc_row css_animation=&#8221;&#8221; row_type=&#8221;row&#8221; use_row_as_full_screen_section=&#8221;no&#8221; type=&#8221;grid&#8221; angled_section=&#8221;no&#8221; text_align=&#8221;center&#8221; background_image_as_pattern=&#8221;without_pattern&#8221; z_index=&#8221;&#8221; css=&#8221;.vc_custom_1555757102003{padding-bottom: 25px !important;}&#8221; el_class=&#8221;contenu_page_secondaire&#8221;][vc_column][vc_column_text el_class=&#8221;title_border_left&#8221;]<\/p>\n<h2 style=\"text-align: center;\">Nos prestations<\/h2>\n<p>[\/vc_column_text][vc_empty_space height=&#8221;36px&#8221;][vc_row_inner row_type=&#8221;row&#8221; type=&#8221;grid&#8221; text_align=&#8221;left&#8221; css_animation=&#8221;&#8221; el_class=&#8221;bloc_picto_competence&#8221;][vc_column_inner width=&#8221;1\/2&#8243; offset=&#8221;vc_col-lg-3 vc_col-md-3&#8243;][vc_single_image image=&#8221;308&#8243; img_size=&#8221;full&#8221; alignment=&#8221;center&#8221; style=&#8221;vc_box_circle&#8221; onclick=&#8221;custom_link&#8221; qode_css_animation=&#8221;&#8221; qode_hover_animation=&#8221;zoom_in&#8221; el_class=&#8221;bloc_picto_rounder&#8221; link=&#8221;\/nos-services\/creation\/&#8221;][vc_empty_space height=&#8221;10px&#8221;][vc_column_text]<\/p>\n<h3 style=\"text-align: center;\">Cr\u00e9ation<\/h3>\n<p>[\/vc_column_text][vc_empty_space height=&#8221;50px&#8221;][\/vc_column_inner][vc_column_inner width=&#8221;1\/2&#8243; offset=&#8221;vc_col-lg-3 vc_col-md-3&#8243;][vc_single_image image=&#8221;309&#8243; img_size=&#8221;full&#8221; onclick=&#8221;custom_link&#8221; qode_css_animation=&#8221;&#8221; qode_hover_animation=&#8221;zoom_in&#8221; el_class=&#8221;bloc_picto_rounder&#8221; link=&#8221;\/nos-services\/coaching-conseil\/&#8221;][vc_empty_space height=&#8221;10px&#8221;][vc_column_text]<\/p>\n<h3 style=\"text-align: center;\">Coaching<\/h3>\n<p>[\/vc_column_text][vc_empty_space height=&#8221;50px&#8221;][\/vc_column_inner][vc_column_inner width=&#8221;1\/2&#8243; offset=&#8221;vc_col-lg-3 vc_col-md-3&#8243;][vc_single_image image=&#8221;306&#8243; img_size=&#8221;full&#8221; onclick=&#8221;custom_link&#8221; qode_css_animation=&#8221;&#8221; qode_hover_animation=&#8221;zoom_in&#8221; el_class=&#8221;bloc_picto_rounder&#8221; link=&#8221;\/nos-services\/entretien\/&#8221;][vc_empty_space height=&#8221;10px&#8221;][vc_column_text]<\/p>\n<h3 style=\"text-align: center;\">Entretien<\/h3>\n<p>[\/vc_column_text][vc_empty_space height=&#8221;50px&#8221;][\/vc_column_inner][vc_column_inner width=&#8221;1\/2&#8243; offset=&#8221;vc_col-lg-3 vc_col-md-3&#8243;][vc_single_image image=&#8221;307&#8243; img_size=&#8221;full&#8221; onclick=&#8221;custom_link&#8221; qode_css_animation=&#8221;&#8221; qode_hover_animation=&#8221;zoom_in&#8221; el_class=&#8221;bloc_picto_rounder&#8221; link=&#8221;\/nos-services\/conciergerie\/&#8221;][vc_empty_space height=&#8221;10px&#8221;][vc_column_text]<\/p>\n<h3 style=\"text-align: center;\">Conciergerie<\/h3>\n<p>[\/vc_column_text][vc_empty_space height=&#8221;50px&#8221;][\/vc_column_inner][\/vc_row_inner][\/vc_column][\/vc_row][vc_row css_animation=&#8221;&#8221; row_type=&#8221;row&#8221; use_row_as_full_screen_section=&#8221;no&#8221; type=&#8221;full_width&#8221; angled_section=&#8221;no&#8221; text_align=&#8221;left&#8221; background_image_as_pattern=&#8221;without_pattern&#8221; z_index=&#8221;&#8221;][vc_column]<div class=\"call_to_action normal\" style=\"background-color: #234843;padding-top: 87px;padding-bottom: 87px;\"><div class=\"container_inner\"><div class=\"two_columns_75_25 clearfix\"><div class=\"text_wrapper column1\"><div class=\"call_to_action_text  font_size_inherit font_weight_inherit letter_spacing_inherit\" style=\"font-size:45px;font-weight: 700;letter-spacing: 0px;\">Vous avez un projet d\u2019am\u00e9nagement de jardin ?<\/div><\/div><div class=\"button_wrapper column2\"><a itemprop=\"url\" href=\"\/contact\/\" class=\"qbutton white small\" target=\"_self\" style=\"color: #ffffff;border-color: #ffffff;background-color: #234843;\"data-hover-background-color=#ffffff data-hover-border-color=#ffffff data-hover-color=#234843>Contactez-nous<\/a><\/div><\/div><\/div><\/div>[\/vc_column][\/vc_row]<\/p>\n<\/div>","protected":false},"excerpt":{"rendered":"<p>[vc_row css_animation=&#8221;&#8221; row_type=&#8221;row&#8221; use_row_as_full_screen_section=&#8221;no&#8221; type=&#8221;grid&#8221; angled_section=&#8221;no&#8221; text_align=&#8221;left&#8221; background_image_as_pattern=&#8221;without_pattern&#8221; z_index=&#8221;&#8221; css=&#8221;.vc_custom_1555755066442{padding-top: 44px !important;}&#8221; el_class=&#8221;contenu_page_secondaire&#8221;][vc_column offset=&#8221;vc_col-lg-6 vc_col-md-6&#8243; el_class=&#8221;bloc_left_image&#8221;][vc_single_image image=&#8221;473&#8243; img_size=&#8221;full&#8221; alignment=&#8221;right&#8221; onclick=&#8221;link_image&#8221; qode_css_animation=&#8221;&#8221; qode_hover_animation=&#8221;zoom_in&#8221;][vc_single_image image=&#8221;637&#8243; img_size=&#8221;full&#8221; onclick=&#8221;link_image&#8221; qode_css_animation=&#8221;&#8221; qode_hover_animation=&#8221;zoom_in&#8221; el_class=&#8221;picture_service_left&#8221;][vc_single_image image=&#8221;474&#8243; img_size=&#8221;full&#8221; alignment=&#8221;right&#8221; onclick=&#8221;link_image&#8221; qode_css_animation=&#8221;&#8221; qode_hover_animation=&#8221;zoom_in&#8221; el_class=&#8221;picture_service_right&#8221;][\/vc_column][vc_column offset=&#8221;vc_col-lg-6 vc_col-md-6&#8243; el_class=&#8221;bloc_right_txt&#8221;][qode_elements_holder number_of_columns=&#8221;one_column&#8221;][qode_elements_holder_item advanced_animations=&#8221;no&#8221; item_padding=&#8221;0&#8243; item_padding_1024_1280=&#8221;15px 0 0 0&#8243;][vc_column_text&#8230;<\/p>\n","protected":false},"author":1,"featured_media":0,"parent":1173,"menu_order":0,"comment_status":"closed","ping_status":"closed","template":"full_width.php","meta":{"inline_featured_image":false,"footnotes":""},"class_list":["post-1177","page","type-page","status-publish","hentry"],"yoast_head":"<!-- This site is optimized with the Yoast SEO plugin v27.5 - https:\/\/yoast.com\/product\/yoast-seo-wordpress\/ -->\n<title>R\u00e9ves &amp; Jardins | Coaching \/ conseil en jardinage &amp; permaculture<\/title>\n<meta name=\"description\" content=\"R\u00e9ves &amp; Jardins est \u00e0 vos c\u00f4t\u00e9s pour vous donner des conseils sur les bonnes pratiques du jardinage, les avantages de la permaculture.\" \/>\n<meta name=\"robots\" content=\"index, follow, max-snippet:-1, max-image-preview:large, max-video-preview:-1\" \/>\n<link rel=\"canonical\" href=\"https:\/\/revesetjardins.fr\/nos-services\/coaching-conseil\/\" \/>\n<meta property=\"og:locale\" content=\"en_US\" \/>\n<meta property=\"og:type\" content=\"article\" \/>\n<meta property=\"og:title\" content=\"R\u00e9ves &amp; Jardins | Coaching \/ conseil en jardinage &amp; permaculture\" \/>\n<meta property=\"og:description\" content=\"R\u00e9ves &amp; Jardins est \u00e0 vos c\u00f4t\u00e9s pour vous donner des conseils sur les bonnes pratiques du jardinage, les avantages de la permaculture.\" \/>\n<meta property=\"og:url\" content=\"https:\/\/revesetjardins.fr\/nos-services\/coaching-conseil\/\" \/>\n<meta property=\"og:site_name\" content=\"R\u00e9ves &amp; Jardins\" \/>\n<meta property=\"article:publisher\" content=\"https:\/\/www.facebook.com\/revesetjardins17\/\" \/>\n<meta property=\"article:modified_time\" content=\"2020-06-17T13:51:19+00:00\" \/>\n<meta name=\"twitter:card\" content=\"summary_large_image\" \/>\n<meta name=\"twitter:label1\" content=\"Est. reading time\" \/>\n\t<meta name=\"twitter:data1\" content=\"4 minutes\" \/>\n<script type=\"application\/ld+json\" class=\"yoast-schema-graph\">{\"@context\":\"https:\\\/\\\/schema.org\",\"@graph\":[{\"@type\":\"WebPage\",\"@id\":\"https:\\\/\\\/revesetjardins.fr\\\/nos-services\\\/coaching-conseil\\\/\",\"url\":\"https:\\\/\\\/revesetjardins.fr\\\/nos-services\\\/coaching-conseil\\\/\",\"name\":\"R\u00e9ves &amp; Jardins | Coaching \\\/ conseil en jardinage & permaculture\",\"isPartOf\":{\"@id\":\"https:\\\/\\\/revesetjardins.fr\\\/#website\"},\"datePublished\":\"2019-04-20T14:00:11+00:00\",\"dateModified\":\"2020-06-17T13:51:19+00:00\",\"description\":\"R\u00e9ves & Jardins est \u00e0 vos c\u00f4t\u00e9s pour vous donner des conseils sur les bonnes pratiques du jardinage, les avantages de la permaculture.\",\"breadcrumb\":{\"@id\":\"https:\\\/\\\/revesetjardins.fr\\\/nos-services\\\/coaching-conseil\\\/#breadcrumb\"},\"inLanguage\":\"en-US\",\"potentialAction\":[{\"@type\":\"ReadAction\",\"target\":[\"https:\\\/\\\/revesetjardins.fr\\\/nos-services\\\/coaching-conseil\\\/\"]}]},{\"@type\":\"BreadcrumbList\",\"@id\":\"https:\\\/\\\/revesetjardins.fr\\\/nos-services\\\/coaching-conseil\\\/#breadcrumb\",\"itemListElement\":[{\"@type\":\"ListItem\",\"position\":1,\"name\":\"Accueil\",\"item\":\"https:\\\/\\\/revesetjardins.fr\\\/en\\\/\"},{\"@type\":\"ListItem\",\"position\":2,\"name\":\"Nos services\",\"item\":\"https:\\\/\\\/revesetjardins.fr\\\/nos-services\\\/\"},{\"@type\":\"ListItem\",\"position\":3,\"name\":\"Coaching \\\/ advice\"}]},{\"@type\":\"WebSite\",\"@id\":\"https:\\\/\\\/revesetjardins.fr\\\/#website\",\"url\":\"https:\\\/\\\/revesetjardins.fr\\\/\",\"name\":\"R\u00e9ves &amp; Jardins\",\"description\":\"Paysagiste Ile de R\u00e9\",\"publisher\":{\"@id\":\"https:\\\/\\\/revesetjardins.fr\\\/#organization\"},\"potentialAction\":[{\"@type\":\"SearchAction\",\"target\":{\"@type\":\"EntryPoint\",\"urlTemplate\":\"https:\\\/\\\/revesetjardins.fr\\\/?s={search_term_string}\"},\"query-input\":{\"@type\":\"PropertyValueSpecification\",\"valueRequired\":true,\"valueName\":\"search_term_string\"}}],\"inLanguage\":\"en-US\"},{\"@type\":\"Organization\",\"@id\":\"https:\\\/\\\/revesetjardins.fr\\\/#organization\",\"name\":\"R\u00e9Ves et Jardins\",\"url\":\"https:\\\/\\\/revesetjardins.fr\\\/\",\"logo\":{\"@type\":\"ImageObject\",\"inLanguage\":\"en-US\",\"@id\":\"https:\\\/\\\/revesetjardins.fr\\\/#\\\/schema\\\/logo\\\/image\\\/\",\"url\":\"https:\\\/\\\/revesetjardins.fr\\\/wp-content\\\/uploads\\\/2019\\\/04\\\/logo-reves-et-jardin-la-rochelle-ile-de-re.png\",\"contentUrl\":\"https:\\\/\\\/revesetjardins.fr\\\/wp-content\\\/uploads\\\/2019\\\/04\\\/logo-reves-et-jardin-la-rochelle-ile-de-re.png\",\"width\":600,\"height\":522,\"caption\":\"R\u00e9Ves et Jardins\"},\"image\":{\"@id\":\"https:\\\/\\\/revesetjardins.fr\\\/#\\\/schema\\\/logo\\\/image\\\/\"},\"sameAs\":[\"https:\\\/\\\/www.facebook.com\\\/revesetjardins17\\\/\",\"https:\\\/\\\/www.instagram.com\\\/revesetjardins.fr\\\/\",\"https:\\\/\\\/www.youtube.com\\\/channel\\\/UC6PYcf5YzBMslPtY2G0BJHQ\"]}]}<\/script>\n<!-- \/ Yoast SEO plugin. -->","yoast_head_json":{"title":"R\u00e9ves &amp; Jardins | Coaching \/ conseil en jardinage & permaculture","description":"R\u00e9ves & Jardins est \u00e0 vos c\u00f4t\u00e9s pour vous donner des conseils sur les bonnes pratiques du jardinage, les avantages de la permaculture.","robots":{"index":"index","follow":"follow","max-snippet":"max-snippet:-1","max-image-preview":"max-image-preview:large","max-video-preview":"max-video-preview:-1"},"canonical":"https:\/\/revesetjardins.fr\/nos-services\/coaching-conseil\/","og_locale":"en_US","og_type":"article","og_title":"R\u00e9ves &amp; Jardins | Coaching \/ conseil en jardinage & permaculture","og_description":"R\u00e9ves & Jardins est \u00e0 vos c\u00f4t\u00e9s pour vous donner des conseils sur les bonnes pratiques du jardinage, les avantages de la permaculture.","og_url":"https:\/\/revesetjardins.fr\/nos-services\/coaching-conseil\/","og_site_name":"R\u00e9ves &amp; Jardins","article_publisher":"https:\/\/www.facebook.com\/revesetjardins17\/","article_modified_time":"2020-06-17T13:51:19+00:00","twitter_card":"summary_large_image","twitter_misc":{"Est. reading time":"4 minutes"},"schema":{"@context":"https:\/\/schema.org","@graph":[{"@type":"WebPage","@id":"https:\/\/revesetjardins.fr\/nos-services\/coaching-conseil\/","url":"https:\/\/revesetjardins.fr\/nos-services\/coaching-conseil\/","name":"R\u00e9ves &amp; Jardins | Coaching \/ conseil en jardinage & permaculture","isPartOf":{"@id":"https:\/\/revesetjardins.fr\/#website"},"datePublished":"2019-04-20T14:00:11+00:00","dateModified":"2020-06-17T13:51:19+00:00","description":"R\u00e9ves & Jardins est \u00e0 vos c\u00f4t\u00e9s pour vous donner des conseils sur les bonnes pratiques du jardinage, les avantages de la permaculture.","breadcrumb":{"@id":"https:\/\/revesetjardins.fr\/nos-services\/coaching-conseil\/#breadcrumb"},"inLanguage":"en-US","potentialAction":[{"@type":"ReadAction","target":["https:\/\/revesetjardins.fr\/nos-services\/coaching-conseil\/"]}]},{"@type":"BreadcrumbList","@id":"https:\/\/revesetjardins.fr\/nos-services\/coaching-conseil\/#breadcrumb","itemListElement":[{"@type":"ListItem","position":1,"name":"Accueil","item":"https:\/\/revesetjardins.fr\/en\/"},{"@type":"ListItem","position":2,"name":"Nos services","item":"https:\/\/revesetjardins.fr\/nos-services\/"},{"@type":"ListItem","position":3,"name":"Coaching \/ advice"}]},{"@type":"WebSite","@id":"https:\/\/revesetjardins.fr\/#website","url":"https:\/\/revesetjardins.fr\/","name":"R\u00e9ves &amp; Jardins","description":"Paysagiste Ile de R\u00e9","publisher":{"@id":"https:\/\/revesetjardins.fr\/#organization"},"potentialAction":[{"@type":"SearchAction","target":{"@type":"EntryPoint","urlTemplate":"https:\/\/revesetjardins.fr\/?s={search_term_string}"},"query-input":{"@type":"PropertyValueSpecification","valueRequired":true,"valueName":"search_term_string"}}],"inLanguage":"en-US"},{"@type":"Organization","@id":"https:\/\/revesetjardins.fr\/#organization","name":"R\u00e9Ves et Jardins","url":"https:\/\/revesetjardins.fr\/","logo":{"@type":"ImageObject","inLanguage":"en-US","@id":"https:\/\/revesetjardins.fr\/#\/schema\/logo\/image\/","url":"https:\/\/revesetjardins.fr\/wp-content\/uploads\/2019\/04\/logo-reves-et-jardin-la-rochelle-ile-de-re.png","contentUrl":"https:\/\/revesetjardins.fr\/wp-content\/uploads\/2019\/04\/logo-reves-et-jardin-la-rochelle-ile-de-re.png","width":600,"height":522,"caption":"R\u00e9Ves et Jardins"},"image":{"@id":"https:\/\/revesetjardins.fr\/#\/schema\/logo\/image\/"},"sameAs":["https:\/\/www.facebook.com\/revesetjardins17\/","https:\/\/www.instagram.com\/revesetjardins.fr\/","https:\/\/www.youtube.com\/channel\/UC6PYcf5YzBMslPtY2G0BJHQ"]}]}},"_links":{"self":[{"href":"https:\/\/revesetjardins.fr\/en\/wp-json\/wp\/v2\/pages\/1177","targetHints":{"allow":["GET"]}}],"collection":[{"href":"https:\/\/revesetjardins.fr\/en\/wp-json\/wp\/v2\/pages"}],"about":[{"href":"https:\/\/revesetjardins.fr\/en\/wp-json\/wp\/v2\/types\/page"}],"author":[{"embeddable":true,"href":"https:\/\/revesetjardins.fr\/en\/wp-json\/wp\/v2\/users\/1"}],"replies":[{"embeddable":true,"href":"https:\/\/revesetjardins.fr\/en\/wp-json\/wp\/v2\/comments?post=1177"}],"version-history":[{"count":3,"href":"https:\/\/revesetjardins.fr\/en\/wp-json\/wp\/v2\/pages\/1177\/revisions"}],"predecessor-version":[{"id":1241,"href":"https:\/\/revesetjardins.fr\/en\/wp-json\/wp\/v2\/pages\/1177\/revisions\/1241"}],"up":[{"embeddable":true,"href":"https:\/\/revesetjardins.fr\/en\/wp-json\/wp\/v2\/pages\/1173"}],"wp:attachment":[{"href":"https:\/\/revesetjardins.fr\/en\/wp-json\/wp\/v2\/media?parent=1177"}],"curies":[{"name":"wp","href":"https:\/\/api.w.org\/{rel}","templated":true}]}}