{"id":2191,"date":"2025-12-24T10:58:58","date_gmt":"2025-12-24T09:58:58","guid":{"rendered":"https:\/\/revesetjardins.fr\/?page_id=2191"},"modified":"2025-12-24T11:15:40","modified_gmt":"2025-12-24T10:15:40","slug":"tree-pruning-and-trimming-on-ile-de-re","status":"publish","type":"page","link":"https:\/\/revesetjardins.fr\/en\/nos-services\/tree-pruning-and-trimming-on-ile-de-re\/","title":{"rendered":"Tree pruning and trimming on \u00cele de R\u00e9"},"content":{"rendered":"<div class=\"wpb-content-wrapper\"><p>[vc_row css_animation=&#8221;&#8221; row_type=&#8221;row&#8221; use_row_as_full_screen_section=&#8221;no&#8221; type=&#8221;grid&#8221; angled_section=&#8221;no&#8221; text_align=&#8221;left&#8221; background_image_as_pattern=&#8221;without_pattern&#8221; z_index=&#8221;&#8221; el_class=&#8221;section_white&#8221;][vc_column][vc_row_inner row_type=&#8221;row&#8221; type=&#8221;full_width&#8221; text_align=&#8221;left&#8221; css_animation=&#8221;&#8221;][vc_column_inner][vc_column_text css=&#8221;&#8221; el_class=&#8221;color_green h2_2026 max_width_65 content_center&#8221;]<\/p>\n<h2 style=\"text-align: center;\">R\u00e9Ves &amp; Jardins: safety, aesthetics and respect for nature<\/h2>\n<p>[\/vc_column_text][vc_column_text css=&#8221;&#8221; el_class=&#8221;txt_2026 max_width_65 content_center&#8221;]<\/p>\n<p style=\"text-align: center;\"><span style=\"font-weight: 400;\">Maintaining your trees is essential for their health, their appearance and the safety of your property.<\/span><\/p>\n<p style=\"text-align: center;\"><span style=\"font-weight: 400;\">Based in <\/span><b>Loix<\/b><span style=\"font-weight: 400;\">, the company <\/span><b>R\u00e9Ves &amp; Jardins<\/b><span style=\"font-weight: 400;\"> puts its <\/span><b>team of professional tree surgeons<\/b><span style=\"font-weight: 400;\"> at your service to work on all types of trees and hedges, in compliance with the environment and local planning regulations.<\/span><\/p>\n<p>[\/vc_column_text][vc_empty_space height=&#8221;120px&#8221;][\/vc_column_inner][\/vc_row_inner][vc_row_inner row_type=&#8221;row&#8221; type=&#8221;full_width&#8221; text_align=&#8221;left&#8221; css_animation=&#8221;&#8221;][vc_column_inner][vc_column_text css=&#8221;&#8221; el_class=&#8221;color_green h2_2026 max_width_65&#8243;]<\/p>\n<h2>Why prune your trees?<\/h2>\n<p>[\/vc_column_text][\/vc_column_inner][\/vc_row_inner][vc_row_inner row_type=&#8221;row&#8221; type=&#8221;full_width&#8221; text_align=&#8221;left&#8221; css_animation=&#8221;&#8221; el_class=&#8221;content_vertical_align_center&#8221;][vc_column_inner width=&#8221;1\/2&#8243;][vc_single_image image=&#8221;2377&#8243; img_size=&#8221;full&#8221; alignment=&#8221;center&#8221; css=&#8221;&#8221; qode_css_animation=&#8221;&#8221; el_class=&#8221;img_2026&#8243;][\/vc_column_inner][vc_column_inner el_class=&#8221;align_bottom&#8221; width=&#8221;1\/2&#8243;][vc_column_text css=&#8221;&#8221; el_class=&#8221;color_black txt_2026&#8243;]<span style=\"font-weight: 400;\">Pruning helps to:<\/span><\/p>\n<ul>\n<li style=\"font-weight: 400;\" aria-level=\"1\"><span style=\"font-weight: 400;\">preserve the <\/span><b>vitality and longevity<\/b><span style=\"font-weight: 400;\"> of trees,<\/span><\/li>\n<li style=\"font-weight: 400;\" aria-level=\"1\"><b>promote healthy growth<\/b><span style=\"font-weight: 400;\"> and limit dead branches,<\/span><\/li>\n<li style=\"font-weight: 400;\" aria-level=\"1\"><b>secure the surroundings<\/b><span style=\"font-weight: 400;\"> of homes, pools, roads or neighbouring properties,<\/span><\/li>\n<li style=\"font-weight: 400;\" aria-level=\"1\"><b>maintain an attractive shape<\/b><span style=\"font-weight: 400;\"> and balanced shade.<\/span><\/li>\n<\/ul>\n<p><span style=\"font-weight: 400;\">Our work is adapted to the time of year and to each species:<\/span><span style=\"font-weight: 400;\"><br \/>\n<\/span><b>Spring and autumn<\/b><span style=\"font-weight: 400;\"> for trimming <\/span><b>shrub hedges<\/b><span style=\"font-weight: 400;\"> and <\/span><b>structured beds<\/b><span style=\"font-weight: 400;\">;<\/span><span style=\"font-weight: 400;\"><br \/>\n<\/span><b>Autumn and winter<\/b><span style=\"font-weight: 400;\"> for pruning <\/span><b>large trees<\/b><span style=\"font-weight: 400;\">\u2014deciduous or evergreen.<\/span>[\/vc_column_text][\/vc_column_inner][\/vc_row_inner][\/vc_column][\/vc_row][vc_row css_animation=&#8221;&#8221; row_type=&#8221;row&#8221; use_row_as_full_screen_section=&#8221;no&#8221; type=&#8221;grid&#8221; angled_section=&#8221;no&#8221; text_align=&#8221;left&#8221; background_image_as_pattern=&#8221;without_pattern&#8221; z_index=&#8221;&#8221; el_class=&#8221;section_green&#8221;][vc_column][vc_row_inner row_type=&#8221;row&#8221; type=&#8221;full_width&#8221; text_align=&#8221;left&#8221; css_animation=&#8221;&#8221; el_class=&#8221;content_vertical_align_center&#8221;][vc_column_inner el_class=&#8221;align_bottom&#8221; width=&#8221;1\/2&#8243;][vc_column_text css=&#8221;&#8221; el_class=&#8221;color_white h2_2026&#8243;]<\/p>\n<h2>Work tailored to each situation<\/h2>\n<p>[\/vc_column_text][vc_column_text css=&#8221;&#8221; el_class=&#8221;color_white txt_2026&#8243;]<span style=\"font-weight: 400;\">R\u00e9Ves &amp; Jardins has the <\/span><b>necessary professional equipment<\/b><span style=\"font-weight: 400;\">, including <\/span><b>aerial platforms<\/b><span style=\"font-weight: 400;\"> for very tall trees, and a full set of <\/span><b>chainsaws and cutting tools<\/b><span style=\"font-weight: 400;\"> suited to every type of pruning:<\/span><\/p>\n<ul>\n<li style=\"font-weight: 400;\" aria-level=\"1\"><b>Light or selective pruning<\/b><span style=\"font-weight: 400;\">, to maintain the tree\u2019s natural structure<\/span><\/li>\n<li style=\"font-weight: 400;\" aria-level=\"1\"><b>Maintenance pruning<\/b><span style=\"font-weight: 400;\">, to remove dead wood and balance the canopy<\/span><\/li>\n<li style=\"font-weight: 400;\" aria-level=\"1\"><b>Reduction or safety pruning<\/b><span style=\"font-weight: 400;\">, to limit volume or clear areas near buildings<\/span><\/li>\n<li style=\"font-weight: 400;\" aria-level=\"1\"><b>Controlled felling<\/b><span style=\"font-weight: 400;\">, in the case of a sick\/dangerous tree or to reshape and enhance your landscaped space <\/span><\/li>\n<\/ul>\n<p><span style=\"font-weight: 400;\">Every intervention is carried out with respect for safety rules and the tree\u2019s physiology.<\/span>[\/vc_column_text][\/vc_column_inner][vc_column_inner width=&#8221;1\/2&#8243;][vc_single_image image=&#8221;2273&#8243; img_size=&#8221;full&#8221; alignment=&#8221;center&#8221; css=&#8221;&#8221; qode_css_animation=&#8221;&#8221; el_class=&#8221;img_2026&#8243;][\/vc_column_inner][\/vc_row_inner][\/vc_column][\/vc_row][vc_row css_animation=&#8221;&#8221; row_type=&#8221;row&#8221; use_row_as_full_screen_section=&#8221;no&#8221; type=&#8221;grid&#8221; angled_section=&#8221;no&#8221; text_align=&#8221;left&#8221; background_image_as_pattern=&#8221;without_pattern&#8221; z_index=&#8221;&#8221; el_class=&#8221;section_white&#8221;][vc_column][vc_row_inner row_type=&#8221;row&#8221; type=&#8221;full_width&#8221; text_align=&#8221;left&#8221; css_animation=&#8221;&#8221; el_class=&#8221;content_vertical_align_center&#8221;][vc_column_inner width=&#8221;1\/2&#8243;][vc_single_image image=&#8221;2276&#8243; img_size=&#8221;full&#8221; alignment=&#8221;center&#8221; css=&#8221;&#8221; qode_css_animation=&#8221;&#8221; el_class=&#8221;img_2026&#8243;][\/vc_column_inner][vc_column_inner el_class=&#8221;align_bottom&#8221; width=&#8221;1\/2&#8243;][vc_column_text css=&#8221;&#8221; el_class=&#8221;color_green h2_2026&#8243;]<\/p>\n<h2 style=\"text-align: left;\">Respectful, sustainable pruning<\/h2>\n<p>[\/vc_column_text][vc_column_text css=&#8221;&#8221; el_class=&#8221;txt_2026&#8243;]<\/p>\n<p style=\"text-align: left;\"><span style=\"font-weight: 400;\">Our tree surgeons work with a considered approach that respects the trees\u2019 natural biological rhythm.<\/span><\/p>\n<p style=\"text-align: left;\"><span style=\"font-weight: 400;\">Each intervention aims to <\/span><b>protect the tree and its environment<\/b><span style=\"font-weight: 400;\">, as part of an eco-responsible approach true to the values of <\/span><b>R\u00e9Ves &amp; Jardins<\/b><span style=\"font-weight: 400;\">.<\/span><\/p>\n<p>[\/vc_column_text][\/vc_column_inner][\/vc_row_inner][\/vc_column][\/vc_row][vc_row css_animation=&#8221;&#8221; row_type=&#8221;row&#8221; use_row_as_full_screen_section=&#8221;no&#8221; type=&#8221;grid&#8221; angled_section=&#8221;no&#8221; text_align=&#8221;left&#8221; background_image_as_pattern=&#8221;without_pattern&#8221; z_index=&#8221;&#8221; el_class=&#8221;section_white&#8221;][vc_column][vc_row_inner row_type=&#8221;row&#8221; type=&#8221;full_width&#8221; text_align=&#8221;left&#8221; css_animation=&#8221;&#8221; el_class=&#8221;content_vertical_align_center&#8221;][vc_column_inner width=&#8221;2\/3&#8243;][vc_single_image image=&#8221;2130&#8243; img_size=&#8221;full&#8221; alignment=&#8221;center&#8221; css=&#8221;&#8221; qode_css_animation=&#8221;&#8221; el_class=&#8221;img_2026&#8243;][\/vc_column_inner][vc_column_inner el_class=&#8221;bloc_orange&#8221; width=&#8221;1\/3&#8243;][vc_column_text css=&#8221;&#8221; el_class=&#8221;color_white h2_2026&#8243;]<\/p>\n<h2><b>Service area<\/b><\/h2>\n<p>[\/vc_column_text][vc_column_text css=&#8221;&#8221; el_class=&#8221;color_white txt_2026&#8243;]<span style=\"font-weight: 400;\">We carry out tree-pruning work throughout <\/span><b>\u00cele de R\u00e9<\/b><span style=\"font-weight: 400;\">:<\/span><span style=\"font-weight: 400;\"><br \/>\n<\/span><b>La Couarde-sur-Mer<\/b><span style=\"font-weight: 400;\">, <\/span><b>Loix<\/b><span style=\"font-weight: 400;\">, <\/span><b>Saint-Martin-de-R\u00e9<\/b><span style=\"font-weight: 400;\">, <\/span><b>Le Bois-Plage<\/b><span style=\"font-weight: 400;\">, <\/span><b>Ars-en-R\u00e9<\/b><span style=\"font-weight: 400;\">, <\/span><b>La Flotte<\/b><span style=\"font-weight: 400;\">, <\/span><b>Les Portes-en-R\u00e9<\/b><span style=\"font-weight: 400;\">, <\/span><b>Rivedoux-Plage<\/b><span style=\"font-weight: 400;\">, <\/span><b>Sainte-Marie-de-R\u00e9<\/b><span style=\"font-weight: 400;\">, as well as around <\/span><b>La Rochelle<\/b><span style=\"font-weight: 400;\">.<\/span>[\/vc_column_text][\/vc_column_inner][\/vc_row_inner][\/vc_column][\/vc_row][vc_row css_animation=&#8221;&#8221; row_type=&#8221;row&#8221; use_row_as_full_screen_section=&#8221;no&#8221; type=&#8221;grid&#8221; angled_section=&#8221;no&#8221; text_align=&#8221;left&#8221; background_image_as_pattern=&#8221;without_pattern&#8221; z_index=&#8221;&#8221; el_class=&#8221;section_grey&#8221;][vc_column][vc_row_inner row_type=&#8221;row&#8221; type=&#8221;full_width&#8221; text_align=&#8221;center&#8221; css_animation=&#8221;&#8221;][vc_column_inner][vc_column_text css=&#8221;&#8221; el_class=&#8221;color_green h2_2026 max_width_55 content_center&#8221;]<\/p>\n<h2 style=\"text-align: center;\">Request your free quote<\/h2>\n<p>[\/vc_column_text][vc_column_text css=&#8221;&#8221; el_class=&#8221;txt_2026 max_width_50 content_center&#8221;]<\/p>\n<p style=\"text-align: center;\"><span style=\"font-weight: 400;\">We review every request carefully to offer you an <\/span><b>appropriate, safe service at a fair price<\/b><span style=\"font-weight: 400;\">.<\/span><span style=\"font-weight: 400;\"><br \/>\n<\/span><i><span style=\"font-weight: 400;\">Contact us for a free estimate or a tree health check.<\/span><\/i><\/p>\n<p>[\/vc_column_text][vc_empty_space height=&#8221;40px&#8221;]<a  itemprop=\"url\" href=\"https:\/\/revesetjardins.fr\/en\/contact\" target=\"_self\"  class=\"qbutton  center default btn_2026 content_center\" style=\"\">Request a quote<\/a>[\/vc_column_inner][\/vc_row_inner][\/vc_column][\/vc_row]<\/p>\n<\/div>","protected":false},"excerpt":{"rendered":"<p>[vc_row css_animation=&#8221;&#8221; row_type=&#8221;row&#8221; use_row_as_full_screen_section=&#8221;no&#8221; type=&#8221;grid&#8221; angled_section=&#8221;no&#8221; text_align=&#8221;left&#8221; background_image_as_pattern=&#8221;without_pattern&#8221; z_index=&#8221;&#8221; el_class=&#8221;section_white&#8221;][vc_column][vc_row_inner row_type=&#8221;row&#8221; type=&#8221;full_width&#8221; text_align=&#8221;left&#8221; css_animation=&#8221;&#8221;][vc_column_inner][vc_column_text css=&#8221;&#8221; el_class=&#8221;color_green h2_2026 max_width_65 content_center&#8221;] R\u00e9Ves &amp; Jardins: safety, aesthetics and respect for nature [\/vc_column_text][vc_column_text css=&#8221;&#8221; el_class=&#8221;txt_2026 max_width_65 content_center&#8221;] Maintaining your trees is essential for their health, their appearance and the&#8230;<\/p>\n","protected":false},"author":1,"featured_media":0,"parent":1173,"menu_order":0,"comment_status":"closed","ping_status":"closed","template":"full_width.php","meta":{"inline_featured_image":false,"footnotes":""},"class_list":["post-2191","page","type-page","status-publish","hentry"],"yoast_head":"<!-- This site is optimized with the Yoast SEO plugin v27.4 - https:\/\/yoast.com\/product\/yoast-seo-wordpress\/ -->\n<title>Maintenance of your landscaped area on Ile de R\u00e9 | R\u00e9ves &amp; Jardins<\/title>\n<meta name=\"description\" content=\"Maintenance of yourlandscaped area: Whether you live on R\u00e9 Island or close to La Rochelle, whether you work in Tourism or Real estate, your landscaped...\" \/>\n<meta name=\"robots\" content=\"index, follow, max-snippet:-1, max-image-preview:large, max-video-preview:-1\" \/>\n<link rel=\"canonical\" href=\"https:\/\/revesetjardins.fr\/en\/nos-services\/tree-pruning-and-trimming-on-ile-de-re\/\" \/>\n<meta property=\"og:locale\" content=\"en_US\" \/>\n<meta property=\"og:type\" content=\"article\" \/>\n<meta property=\"og:title\" content=\"Maintenance of your landscaped area on Ile de R\u00e9 | R\u00e9ves &amp; Jardins\" \/>\n<meta property=\"og:description\" content=\"Maintenance of yourlandscaped area: Whether you live on R\u00e9 Island or close to La Rochelle, whether you work in Tourism or Real estate, your landscaped...\" \/>\n<meta property=\"og:url\" content=\"https:\/\/revesetjardins.fr\/en\/nos-services\/tree-pruning-and-trimming-on-ile-de-re\/\" \/>\n<meta property=\"og:site_name\" content=\"R\u00e9ves &amp; Jardins\" \/>\n<meta property=\"article:publisher\" content=\"https:\/\/www.facebook.com\/revesetjardins17\/\" \/>\n<meta property=\"article:modified_time\" content=\"2025-12-24T10:15:40+00:00\" \/>\n<meta name=\"twitter:card\" content=\"summary_large_image\" \/>\n<meta name=\"twitter:label1\" content=\"Est. reading time\" \/>\n\t<meta name=\"twitter:data1\" content=\"3 minutes\" \/>\n<script type=\"application\/ld+json\" class=\"yoast-schema-graph\">{\"@context\":\"https:\\\/\\\/schema.org\",\"@graph\":[{\"@type\":\"WebPage\",\"@id\":\"https:\\\/\\\/revesetjardins.fr\\\/en\\\/nos-services\\\/tree-pruning-and-trimming-on-ile-de-re\\\/\",\"url\":\"https:\\\/\\\/revesetjardins.fr\\\/en\\\/nos-services\\\/tree-pruning-and-trimming-on-ile-de-re\\\/\",\"name\":\"Maintenance of your landscaped area on Ile de R\u00e9 | R\u00e9ves &amp; Jardins\",\"isPartOf\":{\"@id\":\"https:\\\/\\\/revesetjardins.fr\\\/#website\"},\"datePublished\":\"2025-12-24T09:58:58+00:00\",\"dateModified\":\"2025-12-24T10:15:40+00:00\",\"description\":\"Maintenance of yourlandscaped area: Whether you live on R\u00e9 Island or close to La Rochelle, whether you work in Tourism or Real estate, your landscaped...\",\"breadcrumb\":{\"@id\":\"https:\\\/\\\/revesetjardins.fr\\\/en\\\/nos-services\\\/tree-pruning-and-trimming-on-ile-de-re\\\/#breadcrumb\"},\"inLanguage\":\"en-US\",\"potentialAction\":[{\"@type\":\"ReadAction\",\"target\":[\"https:\\\/\\\/revesetjardins.fr\\\/en\\\/nos-services\\\/tree-pruning-and-trimming-on-ile-de-re\\\/\"]}]},{\"@type\":\"BreadcrumbList\",\"@id\":\"https:\\\/\\\/revesetjardins.fr\\\/en\\\/nos-services\\\/tree-pruning-and-trimming-on-ile-de-re\\\/#breadcrumb\",\"itemListElement\":[{\"@type\":\"ListItem\",\"position\":1,\"name\":\"Accueil\",\"item\":\"https:\\\/\\\/revesetjardins.fr\\\/en\\\/\"},{\"@type\":\"ListItem\",\"position\":2,\"name\":\"Nos services\",\"item\":\"https:\\\/\\\/revesetjardins.fr\\\/nos-services\\\/\"},{\"@type\":\"ListItem\",\"position\":3,\"name\":\"Tree pruning and trimming on \u00cele de R\u00e9\"}]},{\"@type\":\"WebSite\",\"@id\":\"https:\\\/\\\/revesetjardins.fr\\\/#website\",\"url\":\"https:\\\/\\\/revesetjardins.fr\\\/\",\"name\":\"R\u00e9ves &amp; Jardins\",\"description\":\"Paysagiste Ile de R\u00e9\",\"publisher\":{\"@id\":\"https:\\\/\\\/revesetjardins.fr\\\/#organization\"},\"potentialAction\":[{\"@type\":\"SearchAction\",\"target\":{\"@type\":\"EntryPoint\",\"urlTemplate\":\"https:\\\/\\\/revesetjardins.fr\\\/?s={search_term_string}\"},\"query-input\":{\"@type\":\"PropertyValueSpecification\",\"valueRequired\":true,\"valueName\":\"search_term_string\"}}],\"inLanguage\":\"en-US\"},{\"@type\":\"Organization\",\"@id\":\"https:\\\/\\\/revesetjardins.fr\\\/#organization\",\"name\":\"R\u00e9Ves et Jardins\",\"url\":\"https:\\\/\\\/revesetjardins.fr\\\/\",\"logo\":{\"@type\":\"ImageObject\",\"inLanguage\":\"en-US\",\"@id\":\"https:\\\/\\\/revesetjardins.fr\\\/#\\\/schema\\\/logo\\\/image\\\/\",\"url\":\"https:\\\/\\\/revesetjardins.fr\\\/wp-content\\\/uploads\\\/2019\\\/04\\\/logo-reves-et-jardin-la-rochelle-ile-de-re.png\",\"contentUrl\":\"https:\\\/\\\/revesetjardins.fr\\\/wp-content\\\/uploads\\\/2019\\\/04\\\/logo-reves-et-jardin-la-rochelle-ile-de-re.png\",\"width\":600,\"height\":522,\"caption\":\"R\u00e9Ves et Jardins\"},\"image\":{\"@id\":\"https:\\\/\\\/revesetjardins.fr\\\/#\\\/schema\\\/logo\\\/image\\\/\"},\"sameAs\":[\"https:\\\/\\\/www.facebook.com\\\/revesetjardins17\\\/\",\"https:\\\/\\\/www.instagram.com\\\/revesetjardins.fr\\\/\",\"https:\\\/\\\/www.youtube.com\\\/channel\\\/UC6PYcf5YzBMslPtY2G0BJHQ\"]}]}<\/script>\n<!-- \/ Yoast SEO plugin. -->","yoast_head_json":{"title":"Maintenance of your landscaped area on Ile de R\u00e9 | R\u00e9ves &amp; Jardins","description":"Maintenance of yourlandscaped area: Whether you live on R\u00e9 Island or close to La Rochelle, whether you work in Tourism or Real estate, your landscaped...","robots":{"index":"index","follow":"follow","max-snippet":"max-snippet:-1","max-image-preview":"max-image-preview:large","max-video-preview":"max-video-preview:-1"},"canonical":"https:\/\/revesetjardins.fr\/en\/nos-services\/tree-pruning-and-trimming-on-ile-de-re\/","og_locale":"en_US","og_type":"article","og_title":"Maintenance of your landscaped area on Ile de R\u00e9 | R\u00e9ves &amp; Jardins","og_description":"Maintenance of yourlandscaped area: Whether you live on R\u00e9 Island or close to La Rochelle, whether you work in Tourism or Real estate, your landscaped...","og_url":"https:\/\/revesetjardins.fr\/en\/nos-services\/tree-pruning-and-trimming-on-ile-de-re\/","og_site_name":"R\u00e9ves &amp; Jardins","article_publisher":"https:\/\/www.facebook.com\/revesetjardins17\/","article_modified_time":"2025-12-24T10:15:40+00:00","twitter_card":"summary_large_image","twitter_misc":{"Est. reading time":"3 minutes"},"schema":{"@context":"https:\/\/schema.org","@graph":[{"@type":"WebPage","@id":"https:\/\/revesetjardins.fr\/en\/nos-services\/tree-pruning-and-trimming-on-ile-de-re\/","url":"https:\/\/revesetjardins.fr\/en\/nos-services\/tree-pruning-and-trimming-on-ile-de-re\/","name":"Maintenance of your landscaped area on Ile de R\u00e9 | R\u00e9ves &amp; Jardins","isPartOf":{"@id":"https:\/\/revesetjardins.fr\/#website"},"datePublished":"2025-12-24T09:58:58+00:00","dateModified":"2025-12-24T10:15:40+00:00","description":"Maintenance of yourlandscaped area: Whether you live on R\u00e9 Island or close to La Rochelle, whether you work in Tourism or Real estate, your landscaped...","breadcrumb":{"@id":"https:\/\/revesetjardins.fr\/en\/nos-services\/tree-pruning-and-trimming-on-ile-de-re\/#breadcrumb"},"inLanguage":"en-US","potentialAction":[{"@type":"ReadAction","target":["https:\/\/revesetjardins.fr\/en\/nos-services\/tree-pruning-and-trimming-on-ile-de-re\/"]}]},{"@type":"BreadcrumbList","@id":"https:\/\/revesetjardins.fr\/en\/nos-services\/tree-pruning-and-trimming-on-ile-de-re\/#breadcrumb","itemListElement":[{"@type":"ListItem","position":1,"name":"Accueil","item":"https:\/\/revesetjardins.fr\/en\/"},{"@type":"ListItem","position":2,"name":"Nos services","item":"https:\/\/revesetjardins.fr\/nos-services\/"},{"@type":"ListItem","position":3,"name":"Tree pruning and trimming on \u00cele de R\u00e9"}]},{"@type":"WebSite","@id":"https:\/\/revesetjardins.fr\/#website","url":"https:\/\/revesetjardins.fr\/","name":"R\u00e9ves &amp; Jardins","description":"Paysagiste Ile de R\u00e9","publisher":{"@id":"https:\/\/revesetjardins.fr\/#organization"},"potentialAction":[{"@type":"SearchAction","target":{"@type":"EntryPoint","urlTemplate":"https:\/\/revesetjardins.fr\/?s={search_term_string}"},"query-input":{"@type":"PropertyValueSpecification","valueRequired":true,"valueName":"search_term_string"}}],"inLanguage":"en-US"},{"@type":"Organization","@id":"https:\/\/revesetjardins.fr\/#organization","name":"R\u00e9Ves et Jardins","url":"https:\/\/revesetjardins.fr\/","logo":{"@type":"ImageObject","inLanguage":"en-US","@id":"https:\/\/revesetjardins.fr\/#\/schema\/logo\/image\/","url":"https:\/\/revesetjardins.fr\/wp-content\/uploads\/2019\/04\/logo-reves-et-jardin-la-rochelle-ile-de-re.png","contentUrl":"https:\/\/revesetjardins.fr\/wp-content\/uploads\/2019\/04\/logo-reves-et-jardin-la-rochelle-ile-de-re.png","width":600,"height":522,"caption":"R\u00e9Ves et Jardins"},"image":{"@id":"https:\/\/revesetjardins.fr\/#\/schema\/logo\/image\/"},"sameAs":["https:\/\/www.facebook.com\/revesetjardins17\/","https:\/\/www.instagram.com\/revesetjardins.fr\/","https:\/\/www.youtube.com\/channel\/UC6PYcf5YzBMslPtY2G0BJHQ"]}]}},"_links":{"self":[{"href":"https:\/\/revesetjardins.fr\/en\/wp-json\/wp\/v2\/pages\/2191","targetHints":{"allow":["GET"]}}],"collection":[{"href":"https:\/\/revesetjardins.fr\/en\/wp-json\/wp\/v2\/pages"}],"about":[{"href":"https:\/\/revesetjardins.fr\/en\/wp-json\/wp\/v2\/types\/page"}],"author":[{"embeddable":true,"href":"https:\/\/revesetjardins.fr\/en\/wp-json\/wp\/v2\/users\/1"}],"replies":[{"embeddable":true,"href":"https:\/\/revesetjardins.fr\/en\/wp-json\/wp\/v2\/comments?post=2191"}],"version-history":[{"count":2,"href":"https:\/\/revesetjardins.fr\/en\/wp-json\/wp\/v2\/pages\/2191\/revisions"}],"predecessor-version":[{"id":2489,"href":"https:\/\/revesetjardins.fr\/en\/wp-json\/wp\/v2\/pages\/2191\/revisions\/2489"}],"up":[{"embeddable":true,"href":"https:\/\/revesetjardins.fr\/en\/wp-json\/wp\/v2\/pages\/1173"}],"wp:attachment":[{"href":"https:\/\/revesetjardins.fr\/en\/wp-json\/wp\/v2\/media?parent=2191"}],"curies":[{"name":"wp","href":"https:\/\/api.w.org\/{rel}","templated":true}]}}