{"id":2199,"date":"2025-12-24T11:03:18","date_gmt":"2025-12-24T10:03:18","guid":{"rendered":"https:\/\/revesetjardins.fr\/?page_id=2199"},"modified":"2025-12-24T11:16:52","modified_gmt":"2025-12-24T10:16:52","slug":"property-care-housekeeping-your-peace-of-mind-our-priority","status":"publish","type":"page","link":"https:\/\/revesetjardins.fr\/en\/nos-services\/property-care-housekeeping-your-peace-of-mind-our-priority\/","title":{"rendered":"Property care &#038; housekeeping: your peace of mind, our priority"},"content":{"rendered":"<div class=\"wpb-content-wrapper\"><p>[vc_row css_animation=&#8221;&#8221; row_type=&#8221;row&#8221; use_row_as_full_screen_section=&#8221;no&#8221; type=&#8221;grid&#8221; angled_section=&#8221;no&#8221; text_align=&#8221;left&#8221; background_image_as_pattern=&#8221;without_pattern&#8221; z_index=&#8221;&#8221; el_class=&#8221;section_white&#8221;][vc_column][vc_row_inner row_type=&#8221;row&#8221; type=&#8221;full_width&#8221; text_align=&#8221;left&#8221; css_animation=&#8221;&#8221;][vc_column_inner][vc_column_text css=&#8221;&#8221; el_class=&#8221;txt_2026 max_width_65 content_center&#8221;]<\/p>\n<p style=\"text-align: center;\"><span style=\"font-weight: 400;\">With a constant focus on customer satisfaction, R\u00e9Ves &amp; Jardins Services has developed a property care service for your home. <\/span><\/p>\n<p style=\"text-align: center;\"><span style=\"font-weight: 400;\">We\u2019re here to support you in managing your property and to offer you unrivalled peace of mind.<\/span><\/p>\n<p>[\/vc_column_text][vc_empty_space height=&#8221;120px&#8221;][\/vc_column_inner][\/vc_row_inner][vc_row_inner row_type=&#8221;row&#8221; type=&#8221;full_width&#8221; text_align=&#8221;left&#8221; css_animation=&#8221;&#8221;][vc_column_inner][vc_column_text css=&#8221;&#8221; el_class=&#8221;color_green h2_2026 max_width_65&#8243;]<\/p>\n<h2>Tailored Solutions for Your Needs<\/h2>\n<p>[\/vc_column_text][\/vc_column_inner][\/vc_row_inner][vc_row_inner row_type=&#8221;row&#8221; type=&#8221;full_width&#8221; text_align=&#8221;left&#8221; css_animation=&#8221;&#8221; el_class=&#8221;content_vertical_align_center&#8221;][vc_column_inner width=&#8221;1\/2&#8243;][vc_single_image image=&#8221;2284&#8243; img_size=&#8221;full&#8221; alignment=&#8221;center&#8221; css=&#8221;&#8221; qode_css_animation=&#8221;&#8221; el_class=&#8221;img_2026&#8243;][\/vc_column_inner][vc_column_inner el_class=&#8221;align_bottom&#8221; width=&#8221;1\/2&#8243;][vc_column_text css=&#8221;&#8221; el_class=&#8221;color_black txt_2026&#8243;]<span style=\"font-weight: 400;\">We know that every client has specific needs. That\u2019s why we offer bespoke services throughout the year:<\/span><\/p>\n<ul>\n<li><span style=\"font-weight: 400;\">multiple visits per month to your property,<\/span><\/li>\n<li><span style=\"font-weight: 400;\">planning and monitoring of housekeeping, garden or pool visits,<\/span><\/li>\n<li><span style=\"font-weight: 400;\">coordination of tradespeople (regular photo updates on work progress, connecting you with contractors from our network for quotes, arranging emergency repairs if needed),<\/span><\/li>\n<li><span style=\"font-weight: 400;\">post-storm inspections,<\/span><\/li>\n<li><span style=\"font-weight: 400;\">turning on heating and hot water, meter readings,<\/span><\/li>\n<li><span style=\"font-weight: 400;\">forwarding your personal belongings,<\/span><\/li>\n<li><span style=\"font-weight: 400;\">collecting and putting away your shopping,<\/span><\/li>\n<li><span style=\"font-weight: 400;\">care of your linen\u2026<\/span><\/li>\n<\/ul>\n<p><span style=\"font-weight: 400;\">R\u00e9Ves &amp; Jardins is here to make your life easier!<\/span>[\/vc_column_text][\/vc_column_inner][\/vc_row_inner][\/vc_column][\/vc_row][vc_row css_animation=&#8221;&#8221; row_type=&#8221;row&#8221; use_row_as_full_screen_section=&#8221;no&#8221; type=&#8221;grid&#8221; angled_section=&#8221;no&#8221; text_align=&#8221;left&#8221; background_image_as_pattern=&#8221;without_pattern&#8221; z_index=&#8221;&#8221; el_class=&#8221;section_green&#8221;][vc_column][vc_row_inner row_type=&#8221;row&#8221; type=&#8221;full_width&#8221; text_align=&#8221;left&#8221; css_animation=&#8221;&#8221; el_class=&#8221;content_vertical_align_center&#8221;][vc_column_inner el_class=&#8221;align_bottom&#8221; width=&#8221;1\/2&#8243;][vc_column_text css=&#8221;&#8221; el_class=&#8221;color_white h2_2026&#8243;]<\/p>\n<h2>A Service Eligible Under Personal Services Tax Relief<\/h2>\n<p>[\/vc_column_text][vc_column_text css=&#8221;&#8221; el_class=&#8221;color_white txt_2026&#8243;]<span style=\"font-weight: 400;\">Some services may be eligible for a tax credit under the \u201cpersonal services\u201d scheme (housekeeping and property care: annual cap of \u20ac12,000 under certain conditions). Please contact us for further information.<\/span>[\/vc_column_text][\/vc_column_inner][vc_column_inner width=&#8221;1\/2&#8243;][vc_single_image image=&#8221;2287&#8243; img_size=&#8221;full&#8221; alignment=&#8221;center&#8221; css=&#8221;&#8221; qode_css_animation=&#8221;&#8221; el_class=&#8221;img_2026&#8243;][\/vc_column_inner][\/vc_row_inner][\/vc_column][\/vc_row][vc_row css_animation=&#8221;&#8221; row_type=&#8221;row&#8221; use_row_as_full_screen_section=&#8221;no&#8221; type=&#8221;grid&#8221; angled_section=&#8221;no&#8221; text_align=&#8221;left&#8221; background_image_as_pattern=&#8221;without_pattern&#8221; z_index=&#8221;&#8221; el_class=&#8221;section_white&#8221;][vc_column][vc_row_inner row_type=&#8221;row&#8221; type=&#8221;full_width&#8221; text_align=&#8221;left&#8221; css_animation=&#8221;&#8221; el_class=&#8221;content_vertical_align_center&#8221;][vc_column_inner width=&#8221;2\/3&#8243;][vc_single_image image=&#8221;2130&#8243; img_size=&#8221;full&#8221; alignment=&#8221;center&#8221; css=&#8221;&#8221; qode_css_animation=&#8221;&#8221; el_class=&#8221;img_2026&#8243;][\/vc_column_inner][vc_column_inner el_class=&#8221;bloc_orange&#8221; width=&#8221;1\/3&#8243;][vc_column_text css=&#8221;&#8221; el_class=&#8221;color_white h2_2026&#8243;]<\/p>\n<h2>Contact your concierge service on \u00cele de R\u00e9<\/h2>\n<p>[\/vc_column_text][vc_column_text css=&#8221;&#8221; el_class=&#8221;color_white txt_2026&#8243;]<b>R\u00e9Ves &amp; Jardins \u2013 Loix<\/b><b><br \/>\n<\/b>Property Care &amp; Concierge Services<\/p>\n<p><b>Tel: <\/b>05 46 44 57 99<b><br \/>\n<\/b><b>Email:<\/b> contact@revesetjardins.fr[\/vc_column_text][\/vc_column_inner][\/vc_row_inner][\/vc_column][\/vc_row][vc_row css_animation=&#8221;&#8221; row_type=&#8221;row&#8221; use_row_as_full_screen_section=&#8221;no&#8221; type=&#8221;grid&#8221; angled_section=&#8221;no&#8221; text_align=&#8221;left&#8221; background_image_as_pattern=&#8221;without_pattern&#8221; z_index=&#8221;&#8221; el_class=&#8221;section_grey&#8221;][vc_column][vc_row_inner row_type=&#8221;row&#8221; type=&#8221;full_width&#8221; text_align=&#8221;center&#8221; css_animation=&#8221;&#8221;][vc_column_inner][vc_column_text css=&#8221;&#8221; el_class=&#8221;color_green h2_2026 max_width_55 content_center&#8221;]<\/p>\n<h2 style=\"text-align: center;\">Request your free quote<\/h2>\n<p>[\/vc_column_text][vc_column_text css=&#8221;&#8221; el_class=&#8221;txt_2026 max_width_50 content_center&#8221;]<\/p>\n<p style=\"text-align: center;\"><span style=\"font-weight: 400;\">We review every request carefully to offer you an <\/span><b>appropriate, safe service at a fair price<\/b><span style=\"font-weight: 400;\">.<\/span><span style=\"font-weight: 400;\"><br \/>\n<\/span><i><span style=\"font-weight: 400;\">Contact us to get your quote.<\/span><\/i><\/p>\n<p>[\/vc_column_text][vc_empty_space height=&#8221;40px&#8221;]<a  itemprop=\"url\" href=\"https:\/\/revesetjardins.fr\/en\/contact\/\" target=\"_self\"  class=\"qbutton  center default btn_2026 content_center\" style=\"\">Request a quote<\/a>[\/vc_column_inner][\/vc_row_inner][\/vc_column][\/vc_row]<\/p>\n<\/div>","protected":false},"excerpt":{"rendered":"<p>[vc_row css_animation=&#8221;&#8221; row_type=&#8221;row&#8221; use_row_as_full_screen_section=&#8221;no&#8221; type=&#8221;grid&#8221; angled_section=&#8221;no&#8221; text_align=&#8221;left&#8221; background_image_as_pattern=&#8221;without_pattern&#8221; z_index=&#8221;&#8221; el_class=&#8221;section_white&#8221;][vc_column][vc_row_inner row_type=&#8221;row&#8221; type=&#8221;full_width&#8221; text_align=&#8221;left&#8221; css_animation=&#8221;&#8221;][vc_column_inner][vc_column_text css=&#8221;&#8221; el_class=&#8221;txt_2026 max_width_65 content_center&#8221;] With a constant focus on customer satisfaction, R\u00e9Ves &amp; Jardins Services has developed a property care service for your home. We\u2019re here to support you in managing&#8230;<\/p>\n","protected":false},"author":1,"featured_media":0,"parent":1173,"menu_order":0,"comment_status":"closed","ping_status":"closed","template":"full_width.php","meta":{"inline_featured_image":false,"footnotes":""},"class_list":["post-2199","page","type-page","status-publish","hentry"],"yoast_head":"<!-- This site is optimized with the Yoast SEO plugin v27.4 - https:\/\/yoast.com\/product\/yoast-seo-wordpress\/ -->\n<title>Maintenance of your landscaped area on Ile de R\u00e9 | R\u00e9ves &amp; Jardins<\/title>\n<meta name=\"description\" content=\"Maintenance of yourlandscaped area: Whether you live on R\u00e9 Island or close to La Rochelle, whether you work in Tourism or Real estate, your landscaped...\" \/>\n<meta name=\"robots\" content=\"index, follow, max-snippet:-1, max-image-preview:large, max-video-preview:-1\" \/>\n<link rel=\"canonical\" href=\"https:\/\/revesetjardins.fr\/en\/nos-services\/property-care-housekeeping-your-peace-of-mind-our-priority\/\" \/>\n<meta property=\"og:locale\" content=\"en_US\" \/>\n<meta property=\"og:type\" content=\"article\" \/>\n<meta property=\"og:title\" content=\"Maintenance of your landscaped area on Ile de R\u00e9 | R\u00e9ves &amp; Jardins\" \/>\n<meta property=\"og:description\" content=\"Maintenance of yourlandscaped area: Whether you live on R\u00e9 Island or close to La Rochelle, whether you work in Tourism or Real estate, your landscaped...\" \/>\n<meta property=\"og:url\" content=\"https:\/\/revesetjardins.fr\/en\/nos-services\/property-care-housekeeping-your-peace-of-mind-our-priority\/\" \/>\n<meta property=\"og:site_name\" content=\"R\u00e9ves &amp; Jardins\" \/>\n<meta property=\"article:publisher\" content=\"https:\/\/www.facebook.com\/revesetjardins17\/\" \/>\n<meta property=\"article:modified_time\" content=\"2025-12-24T10:16:52+00:00\" \/>\n<meta name=\"twitter:card\" content=\"summary_large_image\" \/>\n<meta name=\"twitter:label1\" content=\"Est. reading time\" \/>\n\t<meta name=\"twitter:data1\" content=\"2 minutes\" \/>\n<script type=\"application\/ld+json\" class=\"yoast-schema-graph\">{\"@context\":\"https:\\\/\\\/schema.org\",\"@graph\":[{\"@type\":\"WebPage\",\"@id\":\"https:\\\/\\\/revesetjardins.fr\\\/en\\\/nos-services\\\/property-care-housekeeping-your-peace-of-mind-our-priority\\\/\",\"url\":\"https:\\\/\\\/revesetjardins.fr\\\/en\\\/nos-services\\\/property-care-housekeeping-your-peace-of-mind-our-priority\\\/\",\"name\":\"Maintenance of your landscaped area on Ile de R\u00e9 | R\u00e9ves &amp; Jardins\",\"isPartOf\":{\"@id\":\"https:\\\/\\\/revesetjardins.fr\\\/#website\"},\"datePublished\":\"2025-12-24T10:03:18+00:00\",\"dateModified\":\"2025-12-24T10:16:52+00:00\",\"description\":\"Maintenance of yourlandscaped area: Whether you live on R\u00e9 Island or close to La Rochelle, whether you work in Tourism or Real estate, your landscaped...\",\"breadcrumb\":{\"@id\":\"https:\\\/\\\/revesetjardins.fr\\\/en\\\/nos-services\\\/property-care-housekeeping-your-peace-of-mind-our-priority\\\/#breadcrumb\"},\"inLanguage\":\"en-US\",\"potentialAction\":[{\"@type\":\"ReadAction\",\"target\":[\"https:\\\/\\\/revesetjardins.fr\\\/en\\\/nos-services\\\/property-care-housekeeping-your-peace-of-mind-our-priority\\\/\"]}]},{\"@type\":\"BreadcrumbList\",\"@id\":\"https:\\\/\\\/revesetjardins.fr\\\/en\\\/nos-services\\\/property-care-housekeeping-your-peace-of-mind-our-priority\\\/#breadcrumb\",\"itemListElement\":[{\"@type\":\"ListItem\",\"position\":1,\"name\":\"Accueil\",\"item\":\"https:\\\/\\\/revesetjardins.fr\\\/en\\\/\"},{\"@type\":\"ListItem\",\"position\":2,\"name\":\"Nos services\",\"item\":\"https:\\\/\\\/revesetjardins.fr\\\/nos-services\\\/\"},{\"@type\":\"ListItem\",\"position\":3,\"name\":\"Property care &#038; housekeeping: your peace of mind, our priority\"}]},{\"@type\":\"WebSite\",\"@id\":\"https:\\\/\\\/revesetjardins.fr\\\/#website\",\"url\":\"https:\\\/\\\/revesetjardins.fr\\\/\",\"name\":\"R\u00e9ves &amp; Jardins\",\"description\":\"Paysagiste Ile de R\u00e9\",\"publisher\":{\"@id\":\"https:\\\/\\\/revesetjardins.fr\\\/#organization\"},\"potentialAction\":[{\"@type\":\"SearchAction\",\"target\":{\"@type\":\"EntryPoint\",\"urlTemplate\":\"https:\\\/\\\/revesetjardins.fr\\\/?s={search_term_string}\"},\"query-input\":{\"@type\":\"PropertyValueSpecification\",\"valueRequired\":true,\"valueName\":\"search_term_string\"}}],\"inLanguage\":\"en-US\"},{\"@type\":\"Organization\",\"@id\":\"https:\\\/\\\/revesetjardins.fr\\\/#organization\",\"name\":\"R\u00e9Ves et Jardins\",\"url\":\"https:\\\/\\\/revesetjardins.fr\\\/\",\"logo\":{\"@type\":\"ImageObject\",\"inLanguage\":\"en-US\",\"@id\":\"https:\\\/\\\/revesetjardins.fr\\\/#\\\/schema\\\/logo\\\/image\\\/\",\"url\":\"https:\\\/\\\/revesetjardins.fr\\\/wp-content\\\/uploads\\\/2019\\\/04\\\/logo-reves-et-jardin-la-rochelle-ile-de-re.png\",\"contentUrl\":\"https:\\\/\\\/revesetjardins.fr\\\/wp-content\\\/uploads\\\/2019\\\/04\\\/logo-reves-et-jardin-la-rochelle-ile-de-re.png\",\"width\":600,\"height\":522,\"caption\":\"R\u00e9Ves et Jardins\"},\"image\":{\"@id\":\"https:\\\/\\\/revesetjardins.fr\\\/#\\\/schema\\\/logo\\\/image\\\/\"},\"sameAs\":[\"https:\\\/\\\/www.facebook.com\\\/revesetjardins17\\\/\",\"https:\\\/\\\/www.instagram.com\\\/revesetjardins.fr\\\/\",\"https:\\\/\\\/www.youtube.com\\\/channel\\\/UC6PYcf5YzBMslPtY2G0BJHQ\"]}]}<\/script>\n<!-- \/ Yoast SEO plugin. -->","yoast_head_json":{"title":"Maintenance of your landscaped area on Ile de R\u00e9 | R\u00e9ves &amp; Jardins","description":"Maintenance of yourlandscaped area: Whether you live on R\u00e9 Island or close to La Rochelle, whether you work in Tourism or Real estate, your landscaped...","robots":{"index":"index","follow":"follow","max-snippet":"max-snippet:-1","max-image-preview":"max-image-preview:large","max-video-preview":"max-video-preview:-1"},"canonical":"https:\/\/revesetjardins.fr\/en\/nos-services\/property-care-housekeeping-your-peace-of-mind-our-priority\/","og_locale":"en_US","og_type":"article","og_title":"Maintenance of your landscaped area on Ile de R\u00e9 | R\u00e9ves &amp; Jardins","og_description":"Maintenance of yourlandscaped area: Whether you live on R\u00e9 Island or close to La Rochelle, whether you work in Tourism or Real estate, your landscaped...","og_url":"https:\/\/revesetjardins.fr\/en\/nos-services\/property-care-housekeeping-your-peace-of-mind-our-priority\/","og_site_name":"R\u00e9ves &amp; Jardins","article_publisher":"https:\/\/www.facebook.com\/revesetjardins17\/","article_modified_time":"2025-12-24T10:16:52+00:00","twitter_card":"summary_large_image","twitter_misc":{"Est. reading time":"2 minutes"},"schema":{"@context":"https:\/\/schema.org","@graph":[{"@type":"WebPage","@id":"https:\/\/revesetjardins.fr\/en\/nos-services\/property-care-housekeeping-your-peace-of-mind-our-priority\/","url":"https:\/\/revesetjardins.fr\/en\/nos-services\/property-care-housekeeping-your-peace-of-mind-our-priority\/","name":"Maintenance of your landscaped area on Ile de R\u00e9 | R\u00e9ves &amp; Jardins","isPartOf":{"@id":"https:\/\/revesetjardins.fr\/#website"},"datePublished":"2025-12-24T10:03:18+00:00","dateModified":"2025-12-24T10:16:52+00:00","description":"Maintenance of yourlandscaped area: Whether you live on R\u00e9 Island or close to La Rochelle, whether you work in Tourism or Real estate, your landscaped...","breadcrumb":{"@id":"https:\/\/revesetjardins.fr\/en\/nos-services\/property-care-housekeeping-your-peace-of-mind-our-priority\/#breadcrumb"},"inLanguage":"en-US","potentialAction":[{"@type":"ReadAction","target":["https:\/\/revesetjardins.fr\/en\/nos-services\/property-care-housekeeping-your-peace-of-mind-our-priority\/"]}]},{"@type":"BreadcrumbList","@id":"https:\/\/revesetjardins.fr\/en\/nos-services\/property-care-housekeeping-your-peace-of-mind-our-priority\/#breadcrumb","itemListElement":[{"@type":"ListItem","position":1,"name":"Accueil","item":"https:\/\/revesetjardins.fr\/en\/"},{"@type":"ListItem","position":2,"name":"Nos services","item":"https:\/\/revesetjardins.fr\/nos-services\/"},{"@type":"ListItem","position":3,"name":"Property care &#038; housekeeping: your peace of mind, our priority"}]},{"@type":"WebSite","@id":"https:\/\/revesetjardins.fr\/#website","url":"https:\/\/revesetjardins.fr\/","name":"R\u00e9ves &amp; Jardins","description":"Paysagiste Ile de R\u00e9","publisher":{"@id":"https:\/\/revesetjardins.fr\/#organization"},"potentialAction":[{"@type":"SearchAction","target":{"@type":"EntryPoint","urlTemplate":"https:\/\/revesetjardins.fr\/?s={search_term_string}"},"query-input":{"@type":"PropertyValueSpecification","valueRequired":true,"valueName":"search_term_string"}}],"inLanguage":"en-US"},{"@type":"Organization","@id":"https:\/\/revesetjardins.fr\/#organization","name":"R\u00e9Ves et Jardins","url":"https:\/\/revesetjardins.fr\/","logo":{"@type":"ImageObject","inLanguage":"en-US","@id":"https:\/\/revesetjardins.fr\/#\/schema\/logo\/image\/","url":"https:\/\/revesetjardins.fr\/wp-content\/uploads\/2019\/04\/logo-reves-et-jardin-la-rochelle-ile-de-re.png","contentUrl":"https:\/\/revesetjardins.fr\/wp-content\/uploads\/2019\/04\/logo-reves-et-jardin-la-rochelle-ile-de-re.png","width":600,"height":522,"caption":"R\u00e9Ves et Jardins"},"image":{"@id":"https:\/\/revesetjardins.fr\/#\/schema\/logo\/image\/"},"sameAs":["https:\/\/www.facebook.com\/revesetjardins17\/","https:\/\/www.instagram.com\/revesetjardins.fr\/","https:\/\/www.youtube.com\/channel\/UC6PYcf5YzBMslPtY2G0BJHQ"]}]}},"_links":{"self":[{"href":"https:\/\/revesetjardins.fr\/en\/wp-json\/wp\/v2\/pages\/2199","targetHints":{"allow":["GET"]}}],"collection":[{"href":"https:\/\/revesetjardins.fr\/en\/wp-json\/wp\/v2\/pages"}],"about":[{"href":"https:\/\/revesetjardins.fr\/en\/wp-json\/wp\/v2\/types\/page"}],"author":[{"embeddable":true,"href":"https:\/\/revesetjardins.fr\/en\/wp-json\/wp\/v2\/users\/1"}],"replies":[{"embeddable":true,"href":"https:\/\/revesetjardins.fr\/en\/wp-json\/wp\/v2\/comments?post=2199"}],"version-history":[{"count":2,"href":"https:\/\/revesetjardins.fr\/en\/wp-json\/wp\/v2\/pages\/2199\/revisions"}],"predecessor-version":[{"id":2491,"href":"https:\/\/revesetjardins.fr\/en\/wp-json\/wp\/v2\/pages\/2199\/revisions\/2491"}],"up":[{"embeddable":true,"href":"https:\/\/revesetjardins.fr\/en\/wp-json\/wp\/v2\/pages\/1173"}],"wp:attachment":[{"href":"https:\/\/revesetjardins.fr\/en\/wp-json\/wp\/v2\/media?parent=2199"}],"curies":[{"name":"wp","href":"https:\/\/api.w.org\/{rel}","templated":true}]}}