{"id":2207,"date":"2025-12-24T10:49:25","date_gmt":"2025-12-24T09:49:25","guid":{"rendered":"https:\/\/revesetjardins.fr\/?page_id=2207"},"modified":"2025-12-24T11:16:26","modified_gmt":"2025-12-24T10:16:26","slug":"seasonal-concierge-service","status":"publish","type":"page","link":"https:\/\/revesetjardins.fr\/en\/nos-services\/seasonal-concierge-service\/","title":{"rendered":"Seasonal concierge service"},"content":{"rendered":"<div class=\"wpb-content-wrapper\"><p>[vc_row css_animation=&#8221;&#8221; row_type=&#8221;row&#8221; use_row_as_full_screen_section=&#8221;no&#8221; type=&#8221;grid&#8221; angled_section=&#8221;no&#8221; text_align=&#8221;left&#8221; background_image_as_pattern=&#8221;without_pattern&#8221; z_index=&#8221;&#8221; el_class=&#8221;section_white&#8221;][vc_column][vc_row_inner row_type=&#8221;row&#8221; type=&#8221;full_width&#8221; text_align=&#8221;left&#8221; css_animation=&#8221;&#8221;][vc_column_inner][vc_column_text css=&#8221;&#8221; el_class=&#8221;color_green h2_2026&#8243;]<\/p>\n<h2 style=\"text-align: center;\">Our services<\/h2>\n<p>[\/vc_column_text][vc_column_text css=&#8221;&#8221; el_class=&#8221;color_black txt_2026 max_width_65 content_center&#8221;]<\/p>\n<p style=\"text-align: center;\"><span style=\"font-weight: 400;\">R\u00e9Ves &amp; Jardins is your trusted partner to deliver an authentic, high-quality experience for your guests throughout their stay.<\/span><\/p>\n<p style=\"text-align: center;\"><span style=\"font-weight: 400;\">We put all our expertise and knowledge of \u00cele de R\u00e9 at your holidaymakers\u2019 disposal even before they arrive, to meet their wishes and ensure their trip is truly unforgettable:<\/span><\/p>\n<p>[\/vc_column_text][\/vc_column_inner][\/vc_row_inner][vc_row_inner row_type=&#8221;row&#8221; type=&#8221;full_width&#8221; text_align=&#8221;center&#8221; css_animation=&#8221;&#8221; el_class=&#8221;section_bloc_grey&#8221;][vc_column_inner width=&#8221;1\/2&#8243;]<div class=\"expandable-text-wrapper\" style=\"\n        background-color: #ffffff;\n        border: 0px solid #4a9d99;\n        border-radius: 20px;\n    \" data-preview-height=\"180\"><h3 class=\"expandable-text-title\" style=\"color: #e8745e;\">Our trusted services<\/h3><div class=\"expandable-text-content-wrapper\" id=\"expandable-69ea4305bc643\"><div class=\"expandable-text-content\" style=\"color: #2d5f5d;\"><\/p>\n<ul>\n<li>early contact ahead of arrival,<\/li>\n<li>coordination around the guest\u2019s expectations,<\/li>\n<li>personalised welcome and property walk-through,<\/li>\n<li>security deposit collection,<\/li>\n<li>assistance during the stay,<\/li>\n<li>check-out inspection,<\/li>\n<li>end-of-stay cleaning,<\/li>\n<li>security deposit return.<\/li>\n<\/ul>\n<p><strong>In addition, we will be delighted to welcome your international guests in their native languages (English, German, Italian or Spanish).<\/strong><\/p>\n<\/div><div class=\"expandable-gradient\" style=\"background: linear-gradient(to bottom, transparent, #ffffff 90%);\"><\/div><\/div><button class=\"expandable-toggle\" aria-expanded=\"false\" aria-controls=\"expandable-69ea4305bc643\" style=\"background-color: #e8745e; border: 0 #4a9d99;\"><span class=\"expandable-icon\"><\/span><\/button><\/div>\n    <script>\n    jQuery(document).ready(function($) {\n        var $wrapper = $('#expandable-69ea4305bc643').closest('.expandable-text-wrapper');\n        var $button = $wrapper.find('.expandable-toggle');\n        var $contentWrapper = $wrapper.find('.expandable-text-content-wrapper');\n        var $gradient = $wrapper.find('.expandable-gradient');\n        var previewHeight = $wrapper.data('preview-height');\n        \n        \/\/ Initialiser en mode ferm\u00e9\n        $contentWrapper.css('max-height', previewHeight + 'px');\n        \n        $button.on('click', function(e) {\n            e.preventDefault();\n            var isOpen = $wrapper.hasClass('is-open');\n            \n            if (isOpen) {\n                \/\/ Fermer\n                $contentWrapper.css('max-height', previewHeight + 'px');\n                $gradient.fadeIn(300);\n                $wrapper.removeClass('is-open');\n                $button.attr('aria-expanded', 'false');\n            } else {\n                \/\/ Ouvrir\n                var fullHeight = $contentWrapper.find('.expandable-text-content')[0].scrollHeight;\n                $contentWrapper.css('max-height', fullHeight + 'px');\n                $gradient.fadeOut(200);\n                $wrapper.addClass('is-open');\n                $button.attr('aria-expanded', 'true');\n            }\n        });\n    });\n    <\/script>\n    [\/vc_column_inner][vc_column_inner width=&#8221;1\/2&#8243;]<div class=\"expandable-text-wrapper\" style=\"\n        background-color: #ffffff;\n        border: 0px solid #4a9d99;\n        border-radius: 20px;\n    \" data-preview-height=\"180\"><h3 class=\"expandable-text-title\" style=\"color: #e8745e;\">Our additional services<\/h3><div class=\"expandable-text-content-wrapper\" id=\"expandable-69ea4305bc684\"><div class=\"expandable-text-content\" style=\"color: #2d5f5d;\"><\/p>\n<ul>\n<li>equipping your property with household linen,<\/li>\n<li>bed making,<\/li>\n<li>mid-stay cleaning,<\/li>\n<li>providing fold-away beds or high chairs,<\/li>\n<li>grocery shopping,<\/li>\n<li>booking restaurants or visits,<\/li>\n<li>flower delivery,<\/li>\n<li>selecting an in-home chef or a wellness professional\u2026<\/li>\n<\/ul>\n<p>\n<\/div><div class=\"expandable-gradient\" style=\"background: linear-gradient(to bottom, transparent, #ffffff 90%);\"><\/div><\/div><button class=\"expandable-toggle\" aria-expanded=\"false\" aria-controls=\"expandable-69ea4305bc684\" style=\"background-color: #e8745e; border: 0 #4a9d99;\"><span class=\"expandable-icon\"><\/span><\/button><\/div>\n    <script>\n    jQuery(document).ready(function($) {\n        var $wrapper = $('#expandable-69ea4305bc684').closest('.expandable-text-wrapper');\n        var $button = $wrapper.find('.expandable-toggle');\n        var $contentWrapper = $wrapper.find('.expandable-text-content-wrapper');\n        var $gradient = $wrapper.find('.expandable-gradient');\n        var previewHeight = $wrapper.data('preview-height');\n        \n        \/\/ Initialiser en mode ferm\u00e9\n        $contentWrapper.css('max-height', previewHeight + 'px');\n        \n        $button.on('click', function(e) {\n            e.preventDefault();\n            var isOpen = $wrapper.hasClass('is-open');\n            \n            if (isOpen) {\n                \/\/ Fermer\n                $contentWrapper.css('max-height', previewHeight + 'px');\n                $gradient.fadeIn(300);\n                $wrapper.removeClass('is-open');\n                $button.attr('aria-expanded', 'false');\n            } else {\n                \/\/ Ouvrir\n                var fullHeight = $contentWrapper.find('.expandable-text-content')[0].scrollHeight;\n                $contentWrapper.css('max-height', fullHeight + 'px');\n                $gradient.fadeOut(200);\n                $wrapper.addClass('is-open');\n                $button.attr('aria-expanded', 'true');\n            }\n        });\n    });\n    <\/script>\n    [\/vc_column_inner][\/vc_row_inner][\/vc_column][\/vc_row][vc_row css_animation=&#8221;&#8221; row_type=&#8221;row&#8221; use_row_as_full_screen_section=&#8221;no&#8221; type=&#8221;grid&#8221; angled_section=&#8221;no&#8221; text_align=&#8221;left&#8221; background_image_as_pattern=&#8221;without_pattern&#8221; z_index=&#8221;&#8221; el_class=&#8221;section_green&#8221;][vc_column][vc_row_inner row_type=&#8221;row&#8221; type=&#8221;full_width&#8221; text_align=&#8221;left&#8221; css_animation=&#8221;&#8221; el_class=&#8221;content_vertical_align_center&#8221;][vc_column_inner width=&#8221;1\/2&#8243;][vc_single_image image=&#8221;2300&#8243; img_size=&#8221;full&#8221; alignment=&#8221;center&#8221; css=&#8221;&#8221; qode_css_animation=&#8221;&#8221; el_class=&#8221;img_2026&#8243;][\/vc_column_inner][vc_column_inner el_class=&#8221;align_bottom&#8221; width=&#8221;1\/2&#8243;][vc_column_text css=&#8221;&#8221; el_class=&#8221;color_white h2_2026&#8243;]<\/p>\n<h2>Quality partnerships<\/h2>\n<p>[\/vc_column_text][vc_column_text css=&#8221;&#8221; el_class=&#8221;color_white txt_2026&#8243;]<span style=\"font-weight: 400;\">Thanks to our partnerships with trusted providers, we offer you the option to rent linen or bicycles.<\/span><\/p>\n<p><span style=\"font-weight: 400;\">We work with our partner Loclinge to equip your home with household linen (bed sheets, bath and pool towels, tea towels or bath mats). The partner code \u00ab revesetjardins \u00bb gives you 10% off your order.<\/span><\/p>\n<p><span style=\"font-weight: 400;\">We\u2019ve strengthened our offer by signing a partnership with Beach Bikes. Beach Bikes is present all over \u00cele de R\u00e9 and they can deliver straight to your doorstep! Use this promo code \u00ab REVESETJARDINS26 \u00bb to get 10% off your bike rental.<\/span>[\/vc_column_text][\/vc_column_inner][\/vc_row_inner][\/vc_column][\/vc_row][vc_row css_animation=&#8221;&#8221; row_type=&#8221;row&#8221; use_row_as_full_screen_section=&#8221;no&#8221; type=&#8221;grid&#8221; angled_section=&#8221;no&#8221; text_align=&#8221;left&#8221; background_image_as_pattern=&#8221;without_pattern&#8221; z_index=&#8221;&#8221; el_class=&#8221;section_white&#8221;][vc_column][vc_row_inner row_type=&#8221;row&#8221; type=&#8221;full_width&#8221; text_align=&#8221;left&#8221; css_animation=&#8221;&#8221; el_class=&#8221;content_vertical_align_center&#8221;][vc_column_inner width=&#8221;2\/3&#8243;][vc_single_image image=&#8221;2297&#8243; img_size=&#8221;full&#8221; alignment=&#8221;center&#8221; css=&#8221;&#8221; qode_css_animation=&#8221;&#8221; el_class=&#8221;img_2026&#8243;][\/vc_column_inner][vc_column_inner el_class=&#8221;bloc_orange&#8221; width=&#8221;1\/3&#8243;][vc_column_text css=&#8221;&#8221; el_class=&#8221;color_white h2_2026&#8243;]<\/p>\n<h2>Contact your concierge service on \u00cele de R\u00e9<\/h2>\n<p>[\/vc_column_text][vc_column_text css=&#8221;&#8221; el_class=&#8221;color_white txt_2026&#8243;]<b>R\u00e9Ves &amp; Jardins \u2013 Loix<\/b><br \/>\nProperty Care &amp; Concierge Services<\/p>\n<p><b>Tel: <\/b>05 46 44 57 99<b><br \/>\n<\/b><b>Email:<\/b> contact@revesetjardins.fr[\/vc_column_text][\/vc_column_inner][\/vc_row_inner][\/vc_column][\/vc_row][vc_row css_animation=&#8221;&#8221; row_type=&#8221;row&#8221; use_row_as_full_screen_section=&#8221;no&#8221; type=&#8221;grid&#8221; angled_section=&#8221;no&#8221; text_align=&#8221;left&#8221; background_image_as_pattern=&#8221;without_pattern&#8221; z_index=&#8221;&#8221; el_class=&#8221;section_grey&#8221;][vc_column][vc_row_inner row_type=&#8221;row&#8221; type=&#8221;full_width&#8221; text_align=&#8221;center&#8221; css_animation=&#8221;&#8221;][vc_column_inner][vc_column_text css=&#8221;&#8221; el_class=&#8221;color_green h2_2026 max_width_55 content_center&#8221;]<\/p>\n<h2 style=\"text-align: center;\">Request your free quote<\/h2>\n<p>[\/vc_column_text][vc_column_text css=&#8221;&#8221; el_class=&#8221;txt_2026 max_width_65 content_center&#8221;]<\/p>\n<p style=\"text-align: center;\"><span style=\"font-weight: 400;\">At R\u00e9Ves &amp; Jardins, we are committed to making your dreams come true and providing the concierge service you deserve.<\/span><\/p>\n<p style=\"text-align: center;\"><span style=\"font-weight: 400;\">Feel free to contact us to find out how we can meet your expectations and support you with your projects.<\/span><\/p>\n<p>[\/vc_column_text][vc_empty_space height=&#8221;40px&#8221;]<a  itemprop=\"url\" href=\"https:\/\/revesetjardins.fr\/en\/contact\/\" target=\"_self\"  class=\"qbutton  center default btn_2026 content_center\" style=\"\">Request a quote<\/a>[\/vc_column_inner][\/vc_row_inner][\/vc_column][\/vc_row]<\/p>\n<\/div>","protected":false},"excerpt":{"rendered":"<p>[vc_row css_animation=&#8221;&#8221; row_type=&#8221;row&#8221; use_row_as_full_screen_section=&#8221;no&#8221; type=&#8221;grid&#8221; angled_section=&#8221;no&#8221; text_align=&#8221;left&#8221; background_image_as_pattern=&#8221;without_pattern&#8221; z_index=&#8221;&#8221; el_class=&#8221;section_white&#8221;][vc_column][vc_row_inner row_type=&#8221;row&#8221; type=&#8221;full_width&#8221; text_align=&#8221;left&#8221; css_animation=&#8221;&#8221;][vc_column_inner][vc_column_text css=&#8221;&#8221; el_class=&#8221;color_green h2_2026&#8243;] Our services [\/vc_column_text][vc_column_text css=&#8221;&#8221; el_class=&#8221;color_black txt_2026 max_width_65 content_center&#8221;] R\u00e9Ves &amp; Jardins is your trusted partner to deliver an authentic, high-quality experience for your guests throughout their stay. We&#8230;<\/p>\n","protected":false},"author":1,"featured_media":0,"parent":1173,"menu_order":0,"comment_status":"closed","ping_status":"closed","template":"full_width.php","meta":{"inline_featured_image":false,"footnotes":""},"class_list":["post-2207","page","type-page","status-publish","hentry"],"yoast_head":"<!-- This site is optimized with the Yoast SEO plugin v27.4 - https:\/\/yoast.com\/product\/yoast-seo-wordpress\/ -->\n<title>Maintenance of your landscaped area on Ile de R\u00e9 | R\u00e9ves &amp; Jardins<\/title>\n<meta name=\"description\" content=\"Maintenance of yourlandscaped area: Whether you live on R\u00e9 Island or close to La Rochelle, whether you work in Tourism or Real estate, your landscaped...\" \/>\n<meta name=\"robots\" content=\"index, follow, max-snippet:-1, max-image-preview:large, max-video-preview:-1\" \/>\n<link rel=\"canonical\" href=\"https:\/\/revesetjardins.fr\/en\/nos-services\/seasonal-concierge-service\/\" \/>\n<meta property=\"og:locale\" content=\"en_US\" \/>\n<meta property=\"og:type\" content=\"article\" \/>\n<meta property=\"og:title\" content=\"Maintenance of your landscaped area on Ile de R\u00e9 | R\u00e9ves &amp; Jardins\" \/>\n<meta property=\"og:description\" content=\"Maintenance of yourlandscaped area: Whether you live on R\u00e9 Island or close to La Rochelle, whether you work in Tourism or Real estate, your landscaped...\" \/>\n<meta property=\"og:url\" content=\"https:\/\/revesetjardins.fr\/en\/nos-services\/seasonal-concierge-service\/\" \/>\n<meta property=\"og:site_name\" content=\"R\u00e9ves &amp; Jardins\" \/>\n<meta property=\"article:publisher\" content=\"https:\/\/www.facebook.com\/revesetjardins17\/\" \/>\n<meta property=\"article:modified_time\" content=\"2025-12-24T10:16:26+00:00\" \/>\n<meta name=\"twitter:card\" content=\"summary_large_image\" \/>\n<meta name=\"twitter:label1\" content=\"Est. reading time\" \/>\n\t<meta name=\"twitter:data1\" content=\"3 minutes\" \/>\n<script type=\"application\/ld+json\" class=\"yoast-schema-graph\">{\"@context\":\"https:\\\/\\\/schema.org\",\"@graph\":[{\"@type\":\"WebPage\",\"@id\":\"https:\\\/\\\/revesetjardins.fr\\\/en\\\/nos-services\\\/seasonal-concierge-service\\\/\",\"url\":\"https:\\\/\\\/revesetjardins.fr\\\/en\\\/nos-services\\\/seasonal-concierge-service\\\/\",\"name\":\"Maintenance of your landscaped area on Ile de R\u00e9 | R\u00e9ves &amp; Jardins\",\"isPartOf\":{\"@id\":\"https:\\\/\\\/revesetjardins.fr\\\/#website\"},\"datePublished\":\"2025-12-24T09:49:25+00:00\",\"dateModified\":\"2025-12-24T10:16:26+00:00\",\"description\":\"Maintenance of yourlandscaped area: Whether you live on R\u00e9 Island or close to La Rochelle, whether you work in Tourism or Real estate, your landscaped...\",\"breadcrumb\":{\"@id\":\"https:\\\/\\\/revesetjardins.fr\\\/en\\\/nos-services\\\/seasonal-concierge-service\\\/#breadcrumb\"},\"inLanguage\":\"en-US\",\"potentialAction\":[{\"@type\":\"ReadAction\",\"target\":[\"https:\\\/\\\/revesetjardins.fr\\\/en\\\/nos-services\\\/seasonal-concierge-service\\\/\"]}]},{\"@type\":\"BreadcrumbList\",\"@id\":\"https:\\\/\\\/revesetjardins.fr\\\/en\\\/nos-services\\\/seasonal-concierge-service\\\/#breadcrumb\",\"itemListElement\":[{\"@type\":\"ListItem\",\"position\":1,\"name\":\"Accueil\",\"item\":\"https:\\\/\\\/revesetjardins.fr\\\/en\\\/\"},{\"@type\":\"ListItem\",\"position\":2,\"name\":\"Nos services\",\"item\":\"https:\\\/\\\/revesetjardins.fr\\\/nos-services\\\/\"},{\"@type\":\"ListItem\",\"position\":3,\"name\":\"Seasonal concierge service\"}]},{\"@type\":\"WebSite\",\"@id\":\"https:\\\/\\\/revesetjardins.fr\\\/#website\",\"url\":\"https:\\\/\\\/revesetjardins.fr\\\/\",\"name\":\"R\u00e9ves &amp; Jardins\",\"description\":\"Paysagiste Ile de R\u00e9\",\"publisher\":{\"@id\":\"https:\\\/\\\/revesetjardins.fr\\\/#organization\"},\"potentialAction\":[{\"@type\":\"SearchAction\",\"target\":{\"@type\":\"EntryPoint\",\"urlTemplate\":\"https:\\\/\\\/revesetjardins.fr\\\/?s={search_term_string}\"},\"query-input\":{\"@type\":\"PropertyValueSpecification\",\"valueRequired\":true,\"valueName\":\"search_term_string\"}}],\"inLanguage\":\"en-US\"},{\"@type\":\"Organization\",\"@id\":\"https:\\\/\\\/revesetjardins.fr\\\/#organization\",\"name\":\"R\u00e9Ves et Jardins\",\"url\":\"https:\\\/\\\/revesetjardins.fr\\\/\",\"logo\":{\"@type\":\"ImageObject\",\"inLanguage\":\"en-US\",\"@id\":\"https:\\\/\\\/revesetjardins.fr\\\/#\\\/schema\\\/logo\\\/image\\\/\",\"url\":\"https:\\\/\\\/revesetjardins.fr\\\/wp-content\\\/uploads\\\/2019\\\/04\\\/logo-reves-et-jardin-la-rochelle-ile-de-re.png\",\"contentUrl\":\"https:\\\/\\\/revesetjardins.fr\\\/wp-content\\\/uploads\\\/2019\\\/04\\\/logo-reves-et-jardin-la-rochelle-ile-de-re.png\",\"width\":600,\"height\":522,\"caption\":\"R\u00e9Ves et Jardins\"},\"image\":{\"@id\":\"https:\\\/\\\/revesetjardins.fr\\\/#\\\/schema\\\/logo\\\/image\\\/\"},\"sameAs\":[\"https:\\\/\\\/www.facebook.com\\\/revesetjardins17\\\/\",\"https:\\\/\\\/www.instagram.com\\\/revesetjardins.fr\\\/\",\"https:\\\/\\\/www.youtube.com\\\/channel\\\/UC6PYcf5YzBMslPtY2G0BJHQ\"]}]}<\/script>\n<!-- \/ Yoast SEO plugin. -->","yoast_head_json":{"title":"Maintenance of your landscaped area on Ile de R\u00e9 | R\u00e9ves &amp; Jardins","description":"Maintenance of yourlandscaped area: Whether you live on R\u00e9 Island or close to La Rochelle, whether you work in Tourism or Real estate, your landscaped...","robots":{"index":"index","follow":"follow","max-snippet":"max-snippet:-1","max-image-preview":"max-image-preview:large","max-video-preview":"max-video-preview:-1"},"canonical":"https:\/\/revesetjardins.fr\/en\/nos-services\/seasonal-concierge-service\/","og_locale":"en_US","og_type":"article","og_title":"Maintenance of your landscaped area on Ile de R\u00e9 | R\u00e9ves &amp; Jardins","og_description":"Maintenance of yourlandscaped area: Whether you live on R\u00e9 Island or close to La Rochelle, whether you work in Tourism or Real estate, your landscaped...","og_url":"https:\/\/revesetjardins.fr\/en\/nos-services\/seasonal-concierge-service\/","og_site_name":"R\u00e9ves &amp; Jardins","article_publisher":"https:\/\/www.facebook.com\/revesetjardins17\/","article_modified_time":"2025-12-24T10:16:26+00:00","twitter_card":"summary_large_image","twitter_misc":{"Est. reading time":"3 minutes"},"schema":{"@context":"https:\/\/schema.org","@graph":[{"@type":"WebPage","@id":"https:\/\/revesetjardins.fr\/en\/nos-services\/seasonal-concierge-service\/","url":"https:\/\/revesetjardins.fr\/en\/nos-services\/seasonal-concierge-service\/","name":"Maintenance of your landscaped area on Ile de R\u00e9 | R\u00e9ves &amp; Jardins","isPartOf":{"@id":"https:\/\/revesetjardins.fr\/#website"},"datePublished":"2025-12-24T09:49:25+00:00","dateModified":"2025-12-24T10:16:26+00:00","description":"Maintenance of yourlandscaped area: Whether you live on R\u00e9 Island or close to La Rochelle, whether you work in Tourism or Real estate, your landscaped...","breadcrumb":{"@id":"https:\/\/revesetjardins.fr\/en\/nos-services\/seasonal-concierge-service\/#breadcrumb"},"inLanguage":"en-US","potentialAction":[{"@type":"ReadAction","target":["https:\/\/revesetjardins.fr\/en\/nos-services\/seasonal-concierge-service\/"]}]},{"@type":"BreadcrumbList","@id":"https:\/\/revesetjardins.fr\/en\/nos-services\/seasonal-concierge-service\/#breadcrumb","itemListElement":[{"@type":"ListItem","position":1,"name":"Accueil","item":"https:\/\/revesetjardins.fr\/en\/"},{"@type":"ListItem","position":2,"name":"Nos services","item":"https:\/\/revesetjardins.fr\/nos-services\/"},{"@type":"ListItem","position":3,"name":"Seasonal concierge service"}]},{"@type":"WebSite","@id":"https:\/\/revesetjardins.fr\/#website","url":"https:\/\/revesetjardins.fr\/","name":"R\u00e9ves &amp; Jardins","description":"Paysagiste Ile de R\u00e9","publisher":{"@id":"https:\/\/revesetjardins.fr\/#organization"},"potentialAction":[{"@type":"SearchAction","target":{"@type":"EntryPoint","urlTemplate":"https:\/\/revesetjardins.fr\/?s={search_term_string}"},"query-input":{"@type":"PropertyValueSpecification","valueRequired":true,"valueName":"search_term_string"}}],"inLanguage":"en-US"},{"@type":"Organization","@id":"https:\/\/revesetjardins.fr\/#organization","name":"R\u00e9Ves et Jardins","url":"https:\/\/revesetjardins.fr\/","logo":{"@type":"ImageObject","inLanguage":"en-US","@id":"https:\/\/revesetjardins.fr\/#\/schema\/logo\/image\/","url":"https:\/\/revesetjardins.fr\/wp-content\/uploads\/2019\/04\/logo-reves-et-jardin-la-rochelle-ile-de-re.png","contentUrl":"https:\/\/revesetjardins.fr\/wp-content\/uploads\/2019\/04\/logo-reves-et-jardin-la-rochelle-ile-de-re.png","width":600,"height":522,"caption":"R\u00e9Ves et Jardins"},"image":{"@id":"https:\/\/revesetjardins.fr\/#\/schema\/logo\/image\/"},"sameAs":["https:\/\/www.facebook.com\/revesetjardins17\/","https:\/\/www.instagram.com\/revesetjardins.fr\/","https:\/\/www.youtube.com\/channel\/UC6PYcf5YzBMslPtY2G0BJHQ"]}]}},"_links":{"self":[{"href":"https:\/\/revesetjardins.fr\/en\/wp-json\/wp\/v2\/pages\/2207","targetHints":{"allow":["GET"]}}],"collection":[{"href":"https:\/\/revesetjardins.fr\/en\/wp-json\/wp\/v2\/pages"}],"about":[{"href":"https:\/\/revesetjardins.fr\/en\/wp-json\/wp\/v2\/types\/page"}],"author":[{"embeddable":true,"href":"https:\/\/revesetjardins.fr\/en\/wp-json\/wp\/v2\/users\/1"}],"replies":[{"embeddable":true,"href":"https:\/\/revesetjardins.fr\/en\/wp-json\/wp\/v2\/comments?post=2207"}],"version-history":[{"count":2,"href":"https:\/\/revesetjardins.fr\/en\/wp-json\/wp\/v2\/pages\/2207\/revisions"}],"predecessor-version":[{"id":2490,"href":"https:\/\/revesetjardins.fr\/en\/wp-json\/wp\/v2\/pages\/2207\/revisions\/2490"}],"up":[{"embeddable":true,"href":"https:\/\/revesetjardins.fr\/en\/wp-json\/wp\/v2\/pages\/1173"}],"wp:attachment":[{"href":"https:\/\/revesetjardins.fr\/en\/wp-json\/wp\/v2\/media?parent=2207"}],"curies":[{"name":"wp","href":"https:\/\/api.w.org\/{rel}","templated":true}]}}