{"id":2232,"date":"2025-12-24T10:45:30","date_gmt":"2025-12-24T09:45:30","guid":{"rendered":"https:\/\/revesetjardins.fr\/?page_id=2232"},"modified":"2025-12-24T11:12:35","modified_gmt":"2025-12-24T10:12:35","slug":"about","status":"publish","type":"page","link":"https:\/\/revesetjardins.fr\/en\/the-company\/about\/","title":{"rendered":"About"},"content":{"rendered":"<div class=\"wpb-content-wrapper\"><p>[vc_row css_animation=&#8221;&#8221; row_type=&#8221;row&#8221; use_row_as_full_screen_section=&#8221;no&#8221; type=&#8221;grid&#8221; angled_section=&#8221;no&#8221; text_align=&#8221;left&#8221; background_image_as_pattern=&#8221;without_pattern&#8221; z_index=&#8221;&#8221; el_class=&#8221;section_white&#8221;][vc_column][vc_row_inner row_type=&#8221;row&#8221; type=&#8221;full_width&#8221; text_align=&#8221;left&#8221; css_animation=&#8221;&#8221; el_class=&#8221;content_vertical_align_center&#8221;][vc_column_inner width=&#8221;1\/2&#8243;][vc_single_image image=&#8221;2323&#8243; img_size=&#8221;full&#8221; alignment=&#8221;center&#8221; css=&#8221;&#8221; qode_css_animation=&#8221;&#8221; el_class=&#8221;img_2026&#8243;][\/vc_column_inner][vc_column_inner el_class=&#8221;align_bottom&#8221; width=&#8221;1\/2&#8243;][vc_column_text css=&#8221;&#8221; el_class=&#8221;color_green h2_2026&#8243;]<\/p>\n<h2>R\u00e9Ves &amp; Jardins: local expertise and a team you can trust<\/h2>\n<p>[\/vc_column_text][vc_column_text css=&#8221;&#8221; el_class=&#8221;color_black txt_2026&#8243;]<span style=\"font-weight: 400;\">Founded in 2018 on \u00cele de R\u00e9, our company relies on an <\/span><b>experienced, responsive and versatile team<\/b><span style=\"font-weight: 400;\">, serving homeowners, second homes and professionals.<\/span><\/p>\n<p><span style=\"font-weight: 400;\"><strong>Our priority:<\/strong> customer satisfaction through high-quality work.<\/span>[\/vc_column_text][\/vc_column_inner][\/vc_row_inner][\/vc_column][\/vc_row][vc_row css_animation=&#8221;&#8221; row_type=&#8221;row&#8221; use_row_as_full_screen_section=&#8221;no&#8221; type=&#8221;grid&#8221; angled_section=&#8221;no&#8221; text_align=&#8221;left&#8221; background_image_as_pattern=&#8221;without_pattern&#8221; z_index=&#8221;&#8221; el_class=&#8221;section_white&#8221;][vc_column][vc_row_inner row_type=&#8221;row&#8221; type=&#8221;full_width&#8221; text_align=&#8221;left&#8221; css_animation=&#8221;&#8221; el_class=&#8221;content_vertical_align_center&#8221;][vc_column_inner el_class=&#8221;bloc_orange&#8221; width=&#8221;1\/3&#8243;][vc_column_text css=&#8221;&#8221; el_class=&#8221;color_white h2_2026&#8243;]<\/p>\n<h2>Contact us<\/h2>\n<p>[\/vc_column_text][vc_column_text css=&#8221;&#8221; el_class=&#8221;color_white txt_2026&#8243;]<b>R\u00e9Ves &amp; Jardins \u2013 Loix<\/b><\/p>\n<p><strong>Address:<\/strong> 5 Chemin du Corps de Garde 17111 LOIX<br \/>\n<b>Tel: <\/b>05 46 44 57 99<b><br \/>\n<\/b><b>Email:<\/b> contact@revesetjardins.fr[\/vc_column_text][\/vc_column_inner][vc_column_inner width=&#8221;2\/3&#8243;][vc_single_image image=&#8221;2326&#8243; img_size=&#8221;full&#8221; alignment=&#8221;center&#8221; css=&#8221;&#8221; qode_css_animation=&#8221;&#8221; el_class=&#8221;img_2026&#8243;][\/vc_column_inner][\/vc_row_inner][\/vc_column][\/vc_row][vc_row css_animation=&#8221;&#8221; row_type=&#8221;row&#8221; use_row_as_full_screen_section=&#8221;no&#8221; type=&#8221;grid&#8221; angled_section=&#8221;no&#8221; text_align=&#8221;left&#8221; background_image_as_pattern=&#8221;without_pattern&#8221; z_index=&#8221;&#8221; el_class=&#8221;section_grey&#8221;][vc_column][vc_row_inner row_type=&#8221;row&#8221; type=&#8221;full_width&#8221; text_align=&#8221;center&#8221; css_animation=&#8221;&#8221;][vc_column_inner][vc_column_text css=&#8221;&#8221; el_class=&#8221;color_green h2_2026 max_width_55 content_center&#8221;]<\/p>\n<h2 style=\"text-align: center;\">Request your free quote<\/h2>\n<p>[\/vc_column_text][vc_column_text css=&#8221;&#8221; el_class=&#8221;txt_2026 max_width_65 content_center&#8221;]<\/p>\n<p style=\"text-align: center;\">Come and meet us directly at our Loix shop to discover our products and discuss your needs.<\/p>\n<p style=\"text-align: center;\">We\u2019ll be delighted to help you with all your projects\u2014garden and\/or home!<\/p>\n<p>[\/vc_column_text][vc_empty_space height=&#8221;40px&#8221;]<a  itemprop=\"url\" href=\"https:\/\/revesetjardins.fr\/en\/contact\/\" target=\"_self\"  class=\"qbutton  center default btn_2026 content_center\" style=\"\">Request a quote<\/a>[\/vc_column_inner][\/vc_row_inner][\/vc_column][\/vc_row]<\/p>\n<\/div>","protected":false},"excerpt":{"rendered":"<p>[vc_row css_animation=&#8221;&#8221; row_type=&#8221;row&#8221; use_row_as_full_screen_section=&#8221;no&#8221; type=&#8221;grid&#8221; angled_section=&#8221;no&#8221; text_align=&#8221;left&#8221; background_image_as_pattern=&#8221;without_pattern&#8221; z_index=&#8221;&#8221; el_class=&#8221;section_white&#8221;][vc_column][vc_row_inner row_type=&#8221;row&#8221; type=&#8221;full_width&#8221; text_align=&#8221;left&#8221; css_animation=&#8221;&#8221; el_class=&#8221;content_vertical_align_center&#8221;][vc_column_inner width=&#8221;1\/2&#8243;][vc_single_image image=&#8221;2323&#8243; img_size=&#8221;full&#8221; alignment=&#8221;center&#8221; css=&#8221;&#8221; qode_css_animation=&#8221;&#8221; el_class=&#8221;img_2026&#8243;][\/vc_column_inner][vc_column_inner el_class=&#8221;align_bottom&#8221; width=&#8221;1\/2&#8243;][vc_column_text css=&#8221;&#8221; el_class=&#8221;color_green h2_2026&#8243;] R\u00e9Ves &amp; Jardins: local expertise and a team you can trust [\/vc_column_text][vc_column_text css=&#8221;&#8221; el_class=&#8221;color_black txt_2026&#8243;]Founded in 2018 on&#8230;<\/p>\n","protected":false},"author":1,"featured_media":0,"parent":1150,"menu_order":0,"comment_status":"closed","ping_status":"closed","template":"full_width.php","meta":{"inline_featured_image":false,"footnotes":""},"class_list":["post-2232","page","type-page","status-publish","hentry"],"yoast_head":"<!-- This site is optimized with the Yoast SEO plugin v27.5 - https:\/\/yoast.com\/product\/yoast-seo-wordpress\/ -->\n<title>Maintenance of your landscaped area on Ile de R\u00e9 | R\u00e9ves &amp; Jardins<\/title>\n<meta name=\"description\" content=\"Maintenance of yourlandscaped area: Whether you live on R\u00e9 Island or close to La Rochelle, whether you work in Tourism or Real estate, your landscaped...\" \/>\n<meta name=\"robots\" content=\"index, follow, max-snippet:-1, max-image-preview:large, max-video-preview:-1\" \/>\n<link rel=\"canonical\" href=\"https:\/\/revesetjardins.fr\/en\/the-company\/about\/\" \/>\n<meta property=\"og:locale\" content=\"en_US\" \/>\n<meta property=\"og:type\" content=\"article\" \/>\n<meta property=\"og:title\" content=\"Maintenance of your landscaped area on Ile de R\u00e9 | R\u00e9ves &amp; Jardins\" \/>\n<meta property=\"og:description\" content=\"Maintenance of yourlandscaped area: Whether you live on R\u00e9 Island or close to La Rochelle, whether you work in Tourism or Real estate, your landscaped...\" \/>\n<meta property=\"og:url\" content=\"https:\/\/revesetjardins.fr\/en\/the-company\/about\/\" \/>\n<meta property=\"og:site_name\" content=\"R\u00e9ves &amp; Jardins\" \/>\n<meta property=\"article:publisher\" content=\"https:\/\/www.facebook.com\/revesetjardins17\/\" \/>\n<meta property=\"article:modified_time\" content=\"2025-12-24T10:12:35+00:00\" \/>\n<meta name=\"twitter:card\" content=\"summary_large_image\" \/>\n<meta name=\"twitter:label1\" content=\"Est. reading time\" \/>\n\t<meta name=\"twitter:data1\" content=\"2 minutes\" \/>\n<script type=\"application\/ld+json\" class=\"yoast-schema-graph\">{\"@context\":\"https:\\\/\\\/schema.org\",\"@graph\":[{\"@type\":\"WebPage\",\"@id\":\"https:\\\/\\\/revesetjardins.fr\\\/en\\\/the-company\\\/about\\\/\",\"url\":\"https:\\\/\\\/revesetjardins.fr\\\/en\\\/the-company\\\/about\\\/\",\"name\":\"Maintenance of your landscaped area on Ile de R\u00e9 | R\u00e9ves &amp; Jardins\",\"isPartOf\":{\"@id\":\"https:\\\/\\\/revesetjardins.fr\\\/#website\"},\"datePublished\":\"2025-12-24T09:45:30+00:00\",\"dateModified\":\"2025-12-24T10:12:35+00:00\",\"description\":\"Maintenance of yourlandscaped area: Whether you live on R\u00e9 Island or close to La Rochelle, whether you work in Tourism or Real estate, your landscaped...\",\"breadcrumb\":{\"@id\":\"https:\\\/\\\/revesetjardins.fr\\\/en\\\/the-company\\\/about\\\/#breadcrumb\"},\"inLanguage\":\"en-US\",\"potentialAction\":[{\"@type\":\"ReadAction\",\"target\":[\"https:\\\/\\\/revesetjardins.fr\\\/en\\\/the-company\\\/about\\\/\"]}]},{\"@type\":\"BreadcrumbList\",\"@id\":\"https:\\\/\\\/revesetjardins.fr\\\/en\\\/the-company\\\/about\\\/#breadcrumb\",\"itemListElement\":[{\"@type\":\"ListItem\",\"position\":1,\"name\":\"Accueil\",\"item\":\"https:\\\/\\\/revesetjardins.fr\\\/en\\\/\"},{\"@type\":\"ListItem\",\"position\":2,\"name\":\"The company\",\"item\":\"https:\\\/\\\/revesetjardins.fr\\\/the-company\\\/\"},{\"@type\":\"ListItem\",\"position\":3,\"name\":\"About\"}]},{\"@type\":\"WebSite\",\"@id\":\"https:\\\/\\\/revesetjardins.fr\\\/#website\",\"url\":\"https:\\\/\\\/revesetjardins.fr\\\/\",\"name\":\"R\u00e9ves &amp; Jardins\",\"description\":\"Paysagiste Ile de R\u00e9\",\"publisher\":{\"@id\":\"https:\\\/\\\/revesetjardins.fr\\\/#organization\"},\"potentialAction\":[{\"@type\":\"SearchAction\",\"target\":{\"@type\":\"EntryPoint\",\"urlTemplate\":\"https:\\\/\\\/revesetjardins.fr\\\/?s={search_term_string}\"},\"query-input\":{\"@type\":\"PropertyValueSpecification\",\"valueRequired\":true,\"valueName\":\"search_term_string\"}}],\"inLanguage\":\"en-US\"},{\"@type\":\"Organization\",\"@id\":\"https:\\\/\\\/revesetjardins.fr\\\/#organization\",\"name\":\"R\u00e9Ves et Jardins\",\"url\":\"https:\\\/\\\/revesetjardins.fr\\\/\",\"logo\":{\"@type\":\"ImageObject\",\"inLanguage\":\"en-US\",\"@id\":\"https:\\\/\\\/revesetjardins.fr\\\/#\\\/schema\\\/logo\\\/image\\\/\",\"url\":\"https:\\\/\\\/revesetjardins.fr\\\/wp-content\\\/uploads\\\/2019\\\/04\\\/logo-reves-et-jardin-la-rochelle-ile-de-re.png\",\"contentUrl\":\"https:\\\/\\\/revesetjardins.fr\\\/wp-content\\\/uploads\\\/2019\\\/04\\\/logo-reves-et-jardin-la-rochelle-ile-de-re.png\",\"width\":600,\"height\":522,\"caption\":\"R\u00e9Ves et Jardins\"},\"image\":{\"@id\":\"https:\\\/\\\/revesetjardins.fr\\\/#\\\/schema\\\/logo\\\/image\\\/\"},\"sameAs\":[\"https:\\\/\\\/www.facebook.com\\\/revesetjardins17\\\/\",\"https:\\\/\\\/www.instagram.com\\\/revesetjardins.fr\\\/\",\"https:\\\/\\\/www.youtube.com\\\/channel\\\/UC6PYcf5YzBMslPtY2G0BJHQ\"]}]}<\/script>\n<!-- \/ Yoast SEO plugin. -->","yoast_head_json":{"title":"Maintenance of your landscaped area on Ile de R\u00e9 | R\u00e9ves &amp; Jardins","description":"Maintenance of yourlandscaped area: Whether you live on R\u00e9 Island or close to La Rochelle, whether you work in Tourism or Real estate, your landscaped...","robots":{"index":"index","follow":"follow","max-snippet":"max-snippet:-1","max-image-preview":"max-image-preview:large","max-video-preview":"max-video-preview:-1"},"canonical":"https:\/\/revesetjardins.fr\/en\/the-company\/about\/","og_locale":"en_US","og_type":"article","og_title":"Maintenance of your landscaped area on Ile de R\u00e9 | R\u00e9ves &amp; Jardins","og_description":"Maintenance of yourlandscaped area: Whether you live on R\u00e9 Island or close to La Rochelle, whether you work in Tourism or Real estate, your landscaped...","og_url":"https:\/\/revesetjardins.fr\/en\/the-company\/about\/","og_site_name":"R\u00e9ves &amp; Jardins","article_publisher":"https:\/\/www.facebook.com\/revesetjardins17\/","article_modified_time":"2025-12-24T10:12:35+00:00","twitter_card":"summary_large_image","twitter_misc":{"Est. reading time":"2 minutes"},"schema":{"@context":"https:\/\/schema.org","@graph":[{"@type":"WebPage","@id":"https:\/\/revesetjardins.fr\/en\/the-company\/about\/","url":"https:\/\/revesetjardins.fr\/en\/the-company\/about\/","name":"Maintenance of your landscaped area on Ile de R\u00e9 | R\u00e9ves &amp; Jardins","isPartOf":{"@id":"https:\/\/revesetjardins.fr\/#website"},"datePublished":"2025-12-24T09:45:30+00:00","dateModified":"2025-12-24T10:12:35+00:00","description":"Maintenance of yourlandscaped area: Whether you live on R\u00e9 Island or close to La Rochelle, whether you work in Tourism or Real estate, your landscaped...","breadcrumb":{"@id":"https:\/\/revesetjardins.fr\/en\/the-company\/about\/#breadcrumb"},"inLanguage":"en-US","potentialAction":[{"@type":"ReadAction","target":["https:\/\/revesetjardins.fr\/en\/the-company\/about\/"]}]},{"@type":"BreadcrumbList","@id":"https:\/\/revesetjardins.fr\/en\/the-company\/about\/#breadcrumb","itemListElement":[{"@type":"ListItem","position":1,"name":"Accueil","item":"https:\/\/revesetjardins.fr\/en\/"},{"@type":"ListItem","position":2,"name":"The company","item":"https:\/\/revesetjardins.fr\/the-company\/"},{"@type":"ListItem","position":3,"name":"About"}]},{"@type":"WebSite","@id":"https:\/\/revesetjardins.fr\/#website","url":"https:\/\/revesetjardins.fr\/","name":"R\u00e9ves &amp; Jardins","description":"Paysagiste Ile de R\u00e9","publisher":{"@id":"https:\/\/revesetjardins.fr\/#organization"},"potentialAction":[{"@type":"SearchAction","target":{"@type":"EntryPoint","urlTemplate":"https:\/\/revesetjardins.fr\/?s={search_term_string}"},"query-input":{"@type":"PropertyValueSpecification","valueRequired":true,"valueName":"search_term_string"}}],"inLanguage":"en-US"},{"@type":"Organization","@id":"https:\/\/revesetjardins.fr\/#organization","name":"R\u00e9Ves et Jardins","url":"https:\/\/revesetjardins.fr\/","logo":{"@type":"ImageObject","inLanguage":"en-US","@id":"https:\/\/revesetjardins.fr\/#\/schema\/logo\/image\/","url":"https:\/\/revesetjardins.fr\/wp-content\/uploads\/2019\/04\/logo-reves-et-jardin-la-rochelle-ile-de-re.png","contentUrl":"https:\/\/revesetjardins.fr\/wp-content\/uploads\/2019\/04\/logo-reves-et-jardin-la-rochelle-ile-de-re.png","width":600,"height":522,"caption":"R\u00e9Ves et Jardins"},"image":{"@id":"https:\/\/revesetjardins.fr\/#\/schema\/logo\/image\/"},"sameAs":["https:\/\/www.facebook.com\/revesetjardins17\/","https:\/\/www.instagram.com\/revesetjardins.fr\/","https:\/\/www.youtube.com\/channel\/UC6PYcf5YzBMslPtY2G0BJHQ"]}]}},"_links":{"self":[{"href":"https:\/\/revesetjardins.fr\/en\/wp-json\/wp\/v2\/pages\/2232","targetHints":{"allow":["GET"]}}],"collection":[{"href":"https:\/\/revesetjardins.fr\/en\/wp-json\/wp\/v2\/pages"}],"about":[{"href":"https:\/\/revesetjardins.fr\/en\/wp-json\/wp\/v2\/types\/page"}],"author":[{"embeddable":true,"href":"https:\/\/revesetjardins.fr\/en\/wp-json\/wp\/v2\/users\/1"}],"replies":[{"embeddable":true,"href":"https:\/\/revesetjardins.fr\/en\/wp-json\/wp\/v2\/comments?post=2232"}],"version-history":[{"count":2,"href":"https:\/\/revesetjardins.fr\/en\/wp-json\/wp\/v2\/pages\/2232\/revisions"}],"predecessor-version":[{"id":2484,"href":"https:\/\/revesetjardins.fr\/en\/wp-json\/wp\/v2\/pages\/2232\/revisions\/2484"}],"up":[{"embeddable":true,"href":"https:\/\/revesetjardins.fr\/en\/wp-json\/wp\/v2\/pages\/1150"}],"wp:attachment":[{"href":"https:\/\/revesetjardins.fr\/en\/wp-json\/wp\/v2\/media?parent=2232"}],"curies":[{"name":"wp","href":"https:\/\/api.w.org\/{rel}","templated":true}]}}