{"id":2393,"date":"2025-12-24T10:38:12","date_gmt":"2025-12-24T09:38:12","guid":{"rendered":"https:\/\/revesetjardins.fr\/?page_id=2393"},"modified":"2025-12-24T11:12:15","modified_gmt":"2025-12-24T10:12:15","slug":"contact","status":"publish","type":"page","link":"https:\/\/revesetjardins.fr\/en\/contact\/","title":{"rendered":"Contact"},"content":{"rendered":"<div class=\"wpb-content-wrapper\"><p>[vc_row css_animation=&#8221;&#8221; row_type=&#8221;row&#8221; use_row_as_full_screen_section=&#8221;no&#8221; type=&#8221;grid&#8221; angled_section=&#8221;no&#8221; text_align=&#8221;left&#8221; background_image_as_pattern=&#8221;without_pattern&#8221; z_index=&#8221;&#8221; el_class=&#8221;section_white&#8221;][vc_column][vc_row_inner row_type=&#8221;row&#8221; type=&#8221;full_width&#8221; text_align=&#8221;left&#8221; css_animation=&#8221;&#8221; el_class=&#8221;content_vertical_align_center&#8221;][vc_column_inner el_class=&#8221;bloc_orange&#8221; width=&#8221;1\/3&#8243;][vc_column_text css=&#8221;&#8221; el_class=&#8221;color_white h2_2026&#8243;]<\/p>\n<h2>Contact us<\/h2>\n<p>[\/vc_column_text][vc_column_text css=&#8221;&#8221; el_class=&#8221;color_white txt_2026&#8243;]<b>R\u00e9Ves &amp; Jardins \u2013 Loix<\/b><\/p>\n<p><strong>Address:<\/strong> 5 Chemin du Corps de Garde 17111 LOIX<br \/>\n<b>Tel: <\/b>05 46 44 57 99<b><br \/>\n<\/b><b>Email:<\/b> contact@revesetjardins.fr[\/vc_column_text][\/vc_column_inner][vc_column_inner el_class=&#8221;bloc_grey section_contact&#8221; width=&#8221;2\/3&#8243;]\n<div class=\"wpcf7 no-js\" id=\"wpcf7-f342-o1\" lang=\"fr-FR\" dir=\"ltr\" data-wpcf7-id=\"342\">\n<div class=\"screen-reader-response\"><p role=\"status\" aria-live=\"polite\" aria-atomic=\"true\"><\/p> <ul><\/ul><\/div>\n<form action=\"\/en\/wp-json\/wp\/v2\/pages\/2393#wpcf7-f342-o1\" method=\"post\" class=\"wpcf7-form init cf7_custom_style_1 wpcf7-acceptance-as-validation\" aria-label=\"Formulaire de contact\" novalidate=\"novalidate\" data-status=\"init\">\n<fieldset class=\"hidden-fields-container\"><input type=\"hidden\" name=\"_wpcf7\" value=\"342\" \/><input type=\"hidden\" name=\"_wpcf7_version\" value=\"6.1.5\" \/><input type=\"hidden\" name=\"_wpcf7_locale\" value=\"fr_FR\" \/><input type=\"hidden\" name=\"_wpcf7_unit_tag\" value=\"wpcf7-f342-o1\" \/><input type=\"hidden\" name=\"_wpcf7_container_post\" value=\"0\" \/><input type=\"hidden\" name=\"_wpcf7_posted_data_hash\" value=\"\" \/><input type=\"hidden\" name=\"_wpcf7_recaptcha_response\" value=\"\" \/>\n<\/fieldset>\n<p><label> Votre nom*<br \/>\n<span class=\"wpcf7-form-control-wrap\" data-name=\"your-name\"><input size=\"40\" maxlength=\"400\" class=\"wpcf7-form-control wpcf7-text wpcf7-validates-as-required\" aria-required=\"true\" aria-invalid=\"false\" value=\"\" type=\"text\" name=\"your-name\" \/><\/span> <\/label>\n<\/p>\n<p><label> Votre email*<br \/>\n<span class=\"wpcf7-form-control-wrap\" data-name=\"your-email\"><input size=\"40\" maxlength=\"400\" class=\"wpcf7-form-control wpcf7-email wpcf7-validates-as-required wpcf7-text wpcf7-validates-as-email\" aria-required=\"true\" aria-invalid=\"false\" value=\"\" type=\"email\" name=\"your-email\" \/><\/span> <\/label>\n<\/p>\n<p><label> Objet<br \/>\n<span class=\"wpcf7-form-control-wrap\" data-name=\"your-subject\"><input size=\"40\" maxlength=\"400\" class=\"wpcf7-form-control wpcf7-text\" aria-invalid=\"false\" value=\"\" type=\"text\" name=\"your-subject\" \/><\/span> <\/label>\n<\/p>\n<p><label> Votre message<br \/>\n<span class=\"wpcf7-form-control-wrap\" data-name=\"your-message\"><textarea cols=\"40\" rows=\"10\" maxlength=\"2000\" class=\"wpcf7-form-control wpcf7-textarea\" aria-invalid=\"false\" name=\"your-message\"><\/textarea><\/span> <\/label>\n<\/p>\n<p><span class=\"wpcf7-form-control-wrap\" data-name=\"rgpd-acceptance\"><span class=\"wpcf7-form-control wpcf7-acceptance\"><span class=\"wpcf7-list-item\"><label><input type=\"checkbox\" name=\"rgpd-acceptance\" value=\"1\" aria-invalid=\"false\" \/><span class=\"wpcf7-list-item-label\">En utilisant ce formulaire, vous acceptez que nous stockions vos donn\u00e9es sur ce site web.<\/span><\/label><\/span><\/span><\/span>\n<\/p>\n<p><input class=\"wpcf7-form-control wpcf7-submit has-spinner\" type=\"submit\" value=\"Envoyer\" \/>\n<\/p><div class=\"wpcf7-response-output\" aria-hidden=\"true\"><\/div>\n<\/form>\n<\/div>\n[\/vc_column_inner][\/vc_row_inner][\/vc_column][\/vc_row]<\/p>\n<\/div>","protected":false},"excerpt":{"rendered":"<p>[vc_row css_animation=&#8221;&#8221; row_type=&#8221;row&#8221; use_row_as_full_screen_section=&#8221;no&#8221; type=&#8221;grid&#8221; angled_section=&#8221;no&#8221; text_align=&#8221;left&#8221; background_image_as_pattern=&#8221;without_pattern&#8221; z_index=&#8221;&#8221; el_class=&#8221;section_white&#8221;][vc_column][vc_row_inner row_type=&#8221;row&#8221; type=&#8221;full_width&#8221; text_align=&#8221;left&#8221; css_animation=&#8221;&#8221; el_class=&#8221;content_vertical_align_center&#8221;][vc_column_inner el_class=&#8221;bloc_orange&#8221; width=&#8221;1\/3&#8243;][vc_column_text css=&#8221;&#8221; el_class=&#8221;color_white h2_2026&#8243;] Contact us [\/vc_column_text][vc_column_text css=&#8221;&#8221; el_class=&#8221;color_white txt_2026&#8243;]R\u00e9Ves &amp; Jardins \u2013 Loix Address: 5 Chemin du Corps de Garde 17111 LOIX Tel: 05 46 44 57 99&#8230;<\/p>\n","protected":false},"author":1,"featured_media":0,"parent":0,"menu_order":0,"comment_status":"closed","ping_status":"closed","template":"full_width.php","meta":{"inline_featured_image":false,"footnotes":""},"class_list":["post-2393","page","type-page","status-publish","hentry"],"yoast_head":"<!-- This site is optimized with the Yoast SEO plugin v27.5 - https:\/\/yoast.com\/product\/yoast-seo-wordpress\/ -->\n<title>Paysagiste \/ Consiergerie Ile de R\u00e9 - Contactez-nous | R\u00e9ves &amp; Jardins<\/title>\n<meta name=\"description\" content=\"R\u00e9Ves &amp; Jardins - Paysagiste Ile de R\u00e9 - 06 Chemin du Corps de Garde - 17111 LOIX. T\u00e9l : 06 17 87 03 82\" \/>\n<meta name=\"robots\" content=\"index, follow, max-snippet:-1, max-image-preview:large, max-video-preview:-1\" \/>\n<link rel=\"canonical\" href=\"https:\/\/revesetjardins.fr\/en\/contact\/\" \/>\n<meta property=\"og:locale\" content=\"en_US\" \/>\n<meta property=\"og:type\" content=\"article\" \/>\n<meta property=\"og:title\" content=\"Paysagiste \/ Consiergerie Ile de R\u00e9 - Contactez-nous | R\u00e9ves &amp; Jardins\" \/>\n<meta property=\"og:description\" content=\"R\u00e9Ves &amp; Jardins - Paysagiste Ile de R\u00e9 - 06 Chemin du Corps de Garde - 17111 LOIX. T\u00e9l : 06 17 87 03 82\" \/>\n<meta property=\"og:url\" content=\"https:\/\/revesetjardins.fr\/en\/contact\/\" \/>\n<meta property=\"og:site_name\" content=\"R\u00e9ves &amp; Jardins\" \/>\n<meta property=\"article:publisher\" content=\"https:\/\/www.facebook.com\/revesetjardins17\/\" \/>\n<meta property=\"article:modified_time\" content=\"2025-12-24T10:12:15+00:00\" \/>\n<meta name=\"twitter:card\" content=\"summary_large_image\" \/>\n<meta name=\"twitter:label1\" content=\"Est. reading time\" \/>\n\t<meta name=\"twitter:data1\" content=\"1 minute\" \/>\n<script type=\"application\/ld+json\" class=\"yoast-schema-graph\">{\"@context\":\"https:\\\/\\\/schema.org\",\"@graph\":[{\"@type\":\"WebPage\",\"@id\":\"https:\\\/\\\/revesetjardins.fr\\\/en\\\/contact\\\/\",\"url\":\"https:\\\/\\\/revesetjardins.fr\\\/en\\\/contact\\\/\",\"name\":\"Paysagiste \\\/ Consiergerie Ile de R\u00e9 - Contactez-nous | R\u00e9ves &amp; Jardins\",\"isPartOf\":{\"@id\":\"https:\\\/\\\/revesetjardins.fr\\\/#website\"},\"datePublished\":\"2025-12-24T09:38:12+00:00\",\"dateModified\":\"2025-12-24T10:12:15+00:00\",\"description\":\"R\u00e9Ves & Jardins - Paysagiste Ile de R\u00e9 - 06 Chemin du Corps de Garde - 17111 LOIX. T\u00e9l : 06 17 87 03 82\",\"breadcrumb\":{\"@id\":\"https:\\\/\\\/revesetjardins.fr\\\/en\\\/contact\\\/#breadcrumb\"},\"inLanguage\":\"en-US\",\"potentialAction\":[{\"@type\":\"ReadAction\",\"target\":[\"https:\\\/\\\/revesetjardins.fr\\\/en\\\/contact\\\/\"]}]},{\"@type\":\"BreadcrumbList\",\"@id\":\"https:\\\/\\\/revesetjardins.fr\\\/en\\\/contact\\\/#breadcrumb\",\"itemListElement\":[{\"@type\":\"ListItem\",\"position\":1,\"name\":\"Accueil\",\"item\":\"https:\\\/\\\/revesetjardins.fr\\\/en\\\/\"},{\"@type\":\"ListItem\",\"position\":2,\"name\":\"Contact\"}]},{\"@type\":\"WebSite\",\"@id\":\"https:\\\/\\\/revesetjardins.fr\\\/#website\",\"url\":\"https:\\\/\\\/revesetjardins.fr\\\/\",\"name\":\"R\u00e9ves &amp; Jardins\",\"description\":\"Paysagiste Ile de R\u00e9\",\"publisher\":{\"@id\":\"https:\\\/\\\/revesetjardins.fr\\\/#organization\"},\"potentialAction\":[{\"@type\":\"SearchAction\",\"target\":{\"@type\":\"EntryPoint\",\"urlTemplate\":\"https:\\\/\\\/revesetjardins.fr\\\/?s={search_term_string}\"},\"query-input\":{\"@type\":\"PropertyValueSpecification\",\"valueRequired\":true,\"valueName\":\"search_term_string\"}}],\"inLanguage\":\"en-US\"},{\"@type\":\"Organization\",\"@id\":\"https:\\\/\\\/revesetjardins.fr\\\/#organization\",\"name\":\"R\u00e9Ves et Jardins\",\"url\":\"https:\\\/\\\/revesetjardins.fr\\\/\",\"logo\":{\"@type\":\"ImageObject\",\"inLanguage\":\"en-US\",\"@id\":\"https:\\\/\\\/revesetjardins.fr\\\/#\\\/schema\\\/logo\\\/image\\\/\",\"url\":\"https:\\\/\\\/revesetjardins.fr\\\/wp-content\\\/uploads\\\/2019\\\/04\\\/logo-reves-et-jardin-la-rochelle-ile-de-re.png\",\"contentUrl\":\"https:\\\/\\\/revesetjardins.fr\\\/wp-content\\\/uploads\\\/2019\\\/04\\\/logo-reves-et-jardin-la-rochelle-ile-de-re.png\",\"width\":600,\"height\":522,\"caption\":\"R\u00e9Ves et Jardins\"},\"image\":{\"@id\":\"https:\\\/\\\/revesetjardins.fr\\\/#\\\/schema\\\/logo\\\/image\\\/\"},\"sameAs\":[\"https:\\\/\\\/www.facebook.com\\\/revesetjardins17\\\/\",\"https:\\\/\\\/www.instagram.com\\\/revesetjardins.fr\\\/\",\"https:\\\/\\\/www.youtube.com\\\/channel\\\/UC6PYcf5YzBMslPtY2G0BJHQ\"]}]}<\/script>\n<!-- \/ Yoast SEO plugin. -->","yoast_head_json":{"title":"Paysagiste \/ Consiergerie Ile de R\u00e9 - Contactez-nous | R\u00e9ves &amp; Jardins","description":"R\u00e9Ves & Jardins - Paysagiste Ile de R\u00e9 - 06 Chemin du Corps de Garde - 17111 LOIX. T\u00e9l : 06 17 87 03 82","robots":{"index":"index","follow":"follow","max-snippet":"max-snippet:-1","max-image-preview":"max-image-preview:large","max-video-preview":"max-video-preview:-1"},"canonical":"https:\/\/revesetjardins.fr\/en\/contact\/","og_locale":"en_US","og_type":"article","og_title":"Paysagiste \/ Consiergerie Ile de R\u00e9 - Contactez-nous | R\u00e9ves &amp; Jardins","og_description":"R\u00e9Ves & Jardins - Paysagiste Ile de R\u00e9 - 06 Chemin du Corps de Garde - 17111 LOIX. T\u00e9l : 06 17 87 03 82","og_url":"https:\/\/revesetjardins.fr\/en\/contact\/","og_site_name":"R\u00e9ves &amp; Jardins","article_publisher":"https:\/\/www.facebook.com\/revesetjardins17\/","article_modified_time":"2025-12-24T10:12:15+00:00","twitter_card":"summary_large_image","twitter_misc":{"Est. reading time":"1 minute"},"schema":{"@context":"https:\/\/schema.org","@graph":[{"@type":"WebPage","@id":"https:\/\/revesetjardins.fr\/en\/contact\/","url":"https:\/\/revesetjardins.fr\/en\/contact\/","name":"Paysagiste \/ Consiergerie Ile de R\u00e9 - Contactez-nous | R\u00e9ves &amp; Jardins","isPartOf":{"@id":"https:\/\/revesetjardins.fr\/#website"},"datePublished":"2025-12-24T09:38:12+00:00","dateModified":"2025-12-24T10:12:15+00:00","description":"R\u00e9Ves & Jardins - Paysagiste Ile de R\u00e9 - 06 Chemin du Corps de Garde - 17111 LOIX. T\u00e9l : 06 17 87 03 82","breadcrumb":{"@id":"https:\/\/revesetjardins.fr\/en\/contact\/#breadcrumb"},"inLanguage":"en-US","potentialAction":[{"@type":"ReadAction","target":["https:\/\/revesetjardins.fr\/en\/contact\/"]}]},{"@type":"BreadcrumbList","@id":"https:\/\/revesetjardins.fr\/en\/contact\/#breadcrumb","itemListElement":[{"@type":"ListItem","position":1,"name":"Accueil","item":"https:\/\/revesetjardins.fr\/en\/"},{"@type":"ListItem","position":2,"name":"Contact"}]},{"@type":"WebSite","@id":"https:\/\/revesetjardins.fr\/#website","url":"https:\/\/revesetjardins.fr\/","name":"R\u00e9ves &amp; Jardins","description":"Paysagiste Ile de R\u00e9","publisher":{"@id":"https:\/\/revesetjardins.fr\/#organization"},"potentialAction":[{"@type":"SearchAction","target":{"@type":"EntryPoint","urlTemplate":"https:\/\/revesetjardins.fr\/?s={search_term_string}"},"query-input":{"@type":"PropertyValueSpecification","valueRequired":true,"valueName":"search_term_string"}}],"inLanguage":"en-US"},{"@type":"Organization","@id":"https:\/\/revesetjardins.fr\/#organization","name":"R\u00e9Ves et Jardins","url":"https:\/\/revesetjardins.fr\/","logo":{"@type":"ImageObject","inLanguage":"en-US","@id":"https:\/\/revesetjardins.fr\/#\/schema\/logo\/image\/","url":"https:\/\/revesetjardins.fr\/wp-content\/uploads\/2019\/04\/logo-reves-et-jardin-la-rochelle-ile-de-re.png","contentUrl":"https:\/\/revesetjardins.fr\/wp-content\/uploads\/2019\/04\/logo-reves-et-jardin-la-rochelle-ile-de-re.png","width":600,"height":522,"caption":"R\u00e9Ves et Jardins"},"image":{"@id":"https:\/\/revesetjardins.fr\/#\/schema\/logo\/image\/"},"sameAs":["https:\/\/www.facebook.com\/revesetjardins17\/","https:\/\/www.instagram.com\/revesetjardins.fr\/","https:\/\/www.youtube.com\/channel\/UC6PYcf5YzBMslPtY2G0BJHQ"]}]}},"_links":{"self":[{"href":"https:\/\/revesetjardins.fr\/en\/wp-json\/wp\/v2\/pages\/2393","targetHints":{"allow":["GET"]}}],"collection":[{"href":"https:\/\/revesetjardins.fr\/en\/wp-json\/wp\/v2\/pages"}],"about":[{"href":"https:\/\/revesetjardins.fr\/en\/wp-json\/wp\/v2\/types\/page"}],"author":[{"embeddable":true,"href":"https:\/\/revesetjardins.fr\/en\/wp-json\/wp\/v2\/users\/1"}],"replies":[{"embeddable":true,"href":"https:\/\/revesetjardins.fr\/en\/wp-json\/wp\/v2\/comments?post=2393"}],"version-history":[{"count":2,"href":"https:\/\/revesetjardins.fr\/en\/wp-json\/wp\/v2\/pages\/2393\/revisions"}],"predecessor-version":[{"id":2461,"href":"https:\/\/revesetjardins.fr\/en\/wp-json\/wp\/v2\/pages\/2393\/revisions\/2461"}],"wp:attachment":[{"href":"https:\/\/revesetjardins.fr\/en\/wp-json\/wp\/v2\/media?parent=2393"}],"curies":[{"name":"wp","href":"https:\/\/api.w.org\/{rel}","templated":true}]}}